{"id":537,"date":"2021-09-03T17:19:33","date_gmt":"2021-09-03T17:19:33","guid":{"rendered":"https:\/\/lfmtest.red-apple.it\/?post_type=product&#038;p=537"},"modified":"2025-04-04T15:37:37","modified_gmt":"2025-04-04T15:37:37","slug":"serena-ovuli-vaginali-2","status":"publish","type":"product","link":"https:\/\/lfm.it\/eng\/product\/serena-ovuli-vaginali-2\/","title":{"rendered":"Serena ovuli vaginali"},"content":{"rendered":"<p>[et_pb_section fb_built=&#8221;1&#8243; _builder_version=&#8221;4.25.1&#8243; custom_padding=&#8221;0px||0px||false|false&#8221; collapsed=&#8221;off&#8221; global_colors_info=&#8221;{}&#8221;][et_pb_row column_structure=&#8221;1_5,1_5,3_5&#8243; module_class=&#8221;product-content-row&#8221; _builder_version=&#8221;4.25.1&#8243; background_size=&#8221;initial&#8221; background_position=&#8221;top_left&#8221; background_repeat=&#8221;repeat&#8221; width=&#8221;100%&#8221; custom_padding=&#8221;0px||||false|false&#8221; global_colors_info=&#8221;{}&#8221;][et_pb_column type=&#8221;1_5&#8243; _builder_version=&#8221;4.16&#8243; custom_padding=&#8221;|||&#8221; global_colors_info=&#8221;{}&#8221; custom_padding__hover=&#8221;|||&#8221;][et_pb_text disabled_on=&#8221;off|off|off&#8221; admin_label=&#8221;Testo&#8221; module_class=&#8221;sidebar-column&#8221; _builder_version=&#8221;4.25.1&#8243; _module_preset=&#8221;default&#8221; global_colors_info=&#8221;{}&#8221;]<\/p>\n<div class=\"categories-menu\"><ul><li><span class=\"collapsible \">Farmaceutici<\/span><div class=\"collapsible-content\" ><div class=\"categories-menu\"><ul><li><span class=\"collapsible \">Farmaceutici<\/span><div class=\"collapsible-content\" ><\/div><\/li><li><span class=\"collapsible \">Farmaci C.P.P.<\/span><div class=\"collapsible-content\" ><\/div><\/li><\/ul><\/div><\/div><\/li><li><span class=\"collapsible \">Cosmeceutici<\/span><div class=\"collapsible-content\" ><div class=\"categories-menu\"><ul><li><span class=\"collapsible \">Ginecologici<\/span><div class=\"collapsible-content\" ><ul><li class='product ' style='list-style:none'><a href='https:\/\/lfm.it\/eng\/product\/intimoil\/'>Intimoil<\/a><\/li><li class='product ' style='list-style:none'><a href='https:\/\/lfm.it\/eng\/product\/serena-lipogel\/'>Serena Lipogel<\/a><\/li><li class='product ' style='list-style:none'><a href='https:\/\/lfm.it\/eng\/product\/epilen\/'>Epilen<\/a><\/li><li class='product ' style='list-style:none'><a href='https:\/\/lfm.it\/eng\/product\/intimoil-tt\/'>Intimoil TT<\/a><\/li><li class='product ' style='list-style:none'><a href='https:\/\/lfm.it\/eng\/product\/intimoil-lipogel-tt\/'>Intimoil Lipogel TT<\/a><\/li><\/ul><\/div><\/li><li><span class=\"collapsible \">Dermatologici<\/span><div class=\"collapsible-content\" ><ul><li class='product ' style='list-style:none'><a href='https:\/\/lfm.it\/eng\/product\/epilen\/'>Epilen<\/a><\/li><li class='product ' style='list-style:none'><a href='https:\/\/lfm.it\/eng\/product\/intimoil-tt\/'>Intimoil TT<\/a><\/li><li class='product ' style='list-style:none'><a href='https:\/\/lfm.it\/eng\/product\/intimoil-lipogel-tt\/'>Intimoil Lipogel TT<\/a><\/li><li class='product ' style='list-style:none'><a href='https:\/\/lfm.it\/eng\/product\/crimak-lenitivo\/'>Crimak Rose-IR<\/a><\/li><li class='product ' style='list-style:none'><a href='https:\/\/lfm.it\/eng\/product\/base-lavante-273\/'>Base lavante 273<\/a><\/li><li class='product ' style='list-style:none'><a href='https:\/\/lfm.it\/eng\/product\/k5-lipogel-2\/'>K5 Lipogel<\/a><\/li><li class='product ' style='list-style:none'><a href='https:\/\/lfm.it\/eng\/product\/epiactiv\/'>Epiactiv<\/a><\/li><li class='product ' style='list-style:none'><a href='https:\/\/lfm.it\/eng\/product\/kaloidon-gel\/'>Kaloidon Gel<\/a><\/li><li class='product ' style='list-style:none'><a href='https:\/\/lfm.it\/eng\/product\/kaloidon-tio2\/'>Kaloidon TiO2<\/a><\/li><\/ul><\/div><\/li><\/ul><\/div><\/div><\/li><li><span class=\"collapsible highlight\">Medical device<\/span><div class=\"collapsible-content expanded\" style=\"display: block\"><ul><li class='product active' style='list-style:none'><a href='https:\/\/lfm.it\/eng\/product\/serena-ovuli-vaginali-2\/'>Serena ovuli vaginali<\/a><\/li><li class='product ' style='list-style:none'><a href='https:\/\/lfm.it\/eng\/product\/kaloidon-patch\/'>Kaloidon patch<\/a><\/li><\/ul><\/div><\/li><li><span class=\"collapsible \">Integratori alimentari<\/span><div class=\"collapsible-content\" ><ul><li class='product ' style='list-style:none'><a href='https:\/\/lfm.it\/eng\/product\/serena-ha\/'>Serena HA+<\/a><\/li><li class='product ' style='list-style:none'><a href='https:\/\/lfm.it\/eng\/product\/timoglican-orogranulo-2\/'>Timoglican &#8211; Capelli e Unghie<\/a><\/li><\/ul><\/div><\/li><\/ul><\/div>\n    <style>\n        .categories-menu ul li::marker {\n            color: #8AB4CF !important;\n        }\n        .collapsible {\n            cursor: pointer;\n            user-select: none;\n            border-bottom: 1px dashed #8AB4CF;\n            font-size: 15px;\n            font-weight: 600;\n            font-family: 'Lato', sans-serif;\n            padding-bottom: 15px;\n        }\n        .categories-menu ul li:not(.product) {\n            padding: 10px;\n        }\n        .collapsible-content .product {\n            margin-top: 20px !important;\n        }\n\n        .collapsible-content .product ~ .product {\n            margin-top: unset !important;\n        }\n        .highlight {\n            color: #8AB4CF !important;\n        }\n        .collapsible-content {\n            display: none;\n            margin-left: 20px;\n        }\n        .collapsible-content.expanded {\n            display: block;\n        }\n\n        .categories-menu ul li {\n            text-transform: uppercase;\n        }\n\n        .categories-menu ul li.active a {\n            color: #8AB4CF !important;\n        }\n\n        .product {\n            list-style: none !important;\n            font-weight: 600 !important;\n        }\n\n    <\/style>\n\n    <script>\n        document.addEventListener('DOMContentLoaded', function() {\n            var coll = document.getElementsByClassName('collapsible');\n            for (var i = 0; i < coll.length; i++) {\n                coll[i].addEventListener('click', function() {\n                    this.classList.toggle('active');\n                    var content = this.nextElementSibling;\n                    if (content.style.display === 'block') {\n                        content.style.display = 'none';\n                    } else {\n                        content.style.display = 'block';\n                    }\n                });\n            }\n        });\n    <\/script>\n\n    \n<p>[\/et_pb_text][\/et_pb_column][et_pb_column type=&#8221;1_5&#8243; _builder_version=&#8221;4.16&#8243; custom_padding=&#8221;|||&#8221; global_colors_info=&#8221;{}&#8221; custom_padding__hover=&#8221;|||&#8221;][et_pb_wc_images module_class=&#8221;gallery-column&#8221; _builder_version=&#8221;4.25.1&#8243; global_colors_info=&#8221;{}&#8221;][\/et_pb_wc_images][\/et_pb_column][et_pb_column type=&#8221;3_5&#8243; _builder_version=&#8221;4.25.1&#8243; _module_preset=&#8221;default&#8221; global_colors_info=&#8221;{}&#8221;][et_pb_text admin_label=&#8221;Testo&#8221; _builder_version=&#8221;4.25.1&#8243; _module_preset=&#8221;default&#8221; global_colors_info=&#8221;{}&#8221;]\n    <style>\n        .meta-collapsible {\n            margin: 10px 0;\n            border-bottom: 1px dashed #8AB4CF;\n            padding-bottom: 10px;\n        }\n\n        .meta-collapsible-header {\n            padding: 10px;\n            cursor: pointer;\n            display: flex;\n            justify-content: space-between;\n            align-items: center;\n        }\n \n        .meta-collapsible-content {\n            display: none;\n            padding: 10px;\n        }\n\n        .meta-chevron {\n            transition: transform 0.3s;\n        }\n\n        .meta-chevron.rotate {\n            transform: rotate(180deg);\n        }\n    <\/style>\n\n    <span class=\"terms-breadcrumb\"><a href=\"https:\/\/lfm.it\/eng\/product-category\/medical-device\/\">Medical device<\/a><\/span>\n    <div class=\"product-header\">\n        <div class=\"product-info\">\n            <h1 class=\"product-title\">Serena ovuli vaginali<\/h1>\n            <div class=\"product-format\">\n                <img decoding=\"async\" class=\"product-format-icon\" src=\"https:\/\/lfm.it\/wp-content\/uploads\/2021\/09\/ovuli.png\" alt=\"Blister - 10 ovuli\">\n                <div class=\"product-format-text\">Blister - 10 ovuli<\/div>\n            <\/div>\n        <\/div>\n        <div class=\"product-stickers\">\n                            <div class=\"sticker-container\">\n                    <img decoding=\"async\" src=\"https:\/\/lfm.it\/wp-content\/uploads\/2021\/09\/testato-clinicamente.png\" alt=\"\">\n                    <span><\/span>\n                <\/div>\n                            <div class=\"sticker-container\">\n                    <img decoding=\"async\" src=\"https:\/\/lfm.it\/wp-content\/uploads\/2021\/09\/image8a-1.png\" alt=\"\">\n                    <span><\/span>\n                <\/div>\n                    <\/div>\n    <\/div>\n    <div class=\"product-short-description\">\n        Serena Ovuli Vaginali \u00e8 un dispositivo medico idratante, lenitivo e riepitelizzante, utile come coadiuvante per il trattamento della secchezza vaginale di varia natura e favorisce la riepitelizzazione delle microlesioni della mucosa vaginale.<\/p>\n    <\/div>\n        <div class=\"meta-collapsible\">\n        <div class=\"meta-collapsible-header\">\n            <span class=\"product-collapsible-title\">Componenti<\/span>\n            <span class=\"meta-chevron\">&#x25BC;<\/span>\n        <\/div>\n        <div class=\"meta-collapsible-content\">\n            <p><ul>\n<li><strong>ACIDO IALURONICO HYABEST\u00ae (5 mg) a BASSO PESO MOLECOLARE:<\/strong> l&#8217;acido ialuronico a basso peso molecolare viene assorbito in profondit\u00e0 nella mucosa vaginale, favorendone l&#8217;idratazione e la riparazione tissutale.<\/li>\n<\/ul>\n<ul>\n<li><strong>TEA TREE OIL:<\/strong> estratto dalla pianta di Melaleuca alternifolia, rinomato per la sua efficacia antibatterica e antimicotica,<\/li>\n<\/ul>\n<ul>\n<li><strong>VITAMINA E:<\/strong> utile antiossidante ed efficace agente lenitivo.<\/li>\n<\/ul>\n<ul>\n<li><strong>CENTELLA ASIATICA:<\/strong> svolge un&#8217;attivit\u00e0 riepitelizzante, utile in presenza di microlesioni da sfregamento<\/li>\n<\/ul>\n<ul>\n<li><strong>MALVA:<\/strong> ricca di mucillagini e flavonoidi, che esplicano un&#8217;azione lenitiva, idratante e protettiva sulle mucose.<\/li>\n<\/ul>\n<ul>\n<li><strong>CAMOMILLA:<\/strong> universalmente note le sue propriet\u00e0 anitiflogistiche, emollienti e deodoranti.<\/li>\n<\/ul>\n<\/p>\n        <\/div>\n    <\/div>\n    <div class=\"applications-container\">\n                    <div class=\"application\">\n                <span class=\"application-icon\"><i class=\"fa-classic fa-solid fa-droplet\" aria-hidden=\"true\"><\/i><\/span>    \n                <span class=\"application-title\">Quantit\u00e0<\/span>\n                <p class=\"application-description\">1 ovulo al giorno<\/p>\n            <\/div>\n                    <div class=\"application\">\n                <span class=\"application-icon\"><i class=\"fa-classic fa-regular fa-clock\" aria-hidden=\"true\"><\/i><\/span>    \n                <span class=\"application-title\">Quando<\/span>\n                <p class=\"application-description\">La sera, prima di coricarsi<\/p>\n            <\/div>\n                    <div class=\"application\">\n                <span class=\"application-icon\"><i class=\"fa-classic fa-solid fa-bullseye\" aria-hidden=\"true\"><\/i><\/span>    \n                <span class=\"application-title\">Dove<\/span>\n                <p class=\"application-description\">Inserire nella cavit\u00e0 vaginale<\/p>\n            <\/div>\n                    <div class=\"application\">\n                <span class=\"application-icon\"><i class=\"fa-classic fa-solid fa-hand-holding-droplet\" aria-hidden=\"true\"><\/i><\/span>    \n                <span class=\"application-title\">Applicazione consigliata<\/span>\n                <p class=\"application-description\">La frequenza di applicazione pu\u00f2 variare a seconda delle condizioni di secchezza individuali di ogni paziente, consultare il proprio medico curante.<\/p>\n            <\/div>\n            <\/div>\n        \n    [\/et_pb_text][\/et_pb_column][\/et_pb_row][et_pb_row module_class=&#8221;product-undercontent-row&#8221; _builder_version=&#8221;4.25.1&#8243; background_size=&#8221;initial&#8221; background_position=&#8221;top_left&#8221; background_repeat=&#8221;repeat&#8221; width=&#8221;100%&#8221; global_colors_info=&#8221;{}&#8221;][et_pb_column type=&#8221;4_4&#8243; _builder_version=&#8221;4.16&#8243; custom_padding=&#8221;|||&#8221; global_colors_info=&#8221;{}&#8221; custom_padding__hover=&#8221;|||&#8221;][et_pb_text _builder_version=&#8221;4.25.1&#8243; _module_preset=&#8221;default&#8221; global_colors_info=&#8221;{}&#8221;]\n    <div id=\"product-tabs\">\n        <div class=\"tabs-navigation\">\n            <ul>\n                <li class=\"active\"><a data-panel=\"product-tab-1\" class=\"tab-title\">Info prodotto <\/a><\/li>\n                                    <li><a data-panel=\"product-tab-2\" class=\"tab-title\">Utile per<\/a><\/li>\n                                    <li><a data-panel=\"product-tab-3\" class=\"tab-title\">Senza<\/a><\/li>\n                                    <li><a data-panel=\"product-tab-4\" class=\"tab-title\">Bibliografia<\/a><\/li>\n                            <\/ul>\n        <\/div>\n        <div class=\"tabs-content\">\n            <div class=\"product-tab active\" id=\"product-tab-1\">\n                Serena Ovuli Vaginali sono stati studiati appositamente per offrire idratazione, elasticit\u00e0 e tonicit\u00e0 alla mucosa intima. Grazie alla sua formulazione esclusiva, garantisce un sollievo duraturo dai fastidi correlati alla secchezza intima, donando comfort e idratazione prolungata. La pratica apertura a strip ne facilita l'applicazione, mentre la formula avanzata evita residui e colature.            <\/div>\n                            <div class=\"product-tab\" id=\"product-tab-2\">\n                    <ul>\n<li>SECCHEZZA: in menopausa\/perimenopausa o a qualsiasi et\u00e0 derivante da squlibri ormonali (uso di pillola, terpie farmacologiche)<\/li>\n<li>FASTIDI INTIMI, quali IRRITAZIONE, PRURITO e BRUCIORE: derivanti da una situazione di secchezza che crea microlesioni da sfregamento.<\/li>\n<li>DISPAREUNIA: derivante da secchezza o leggera irritazione, che spesso rende difficoltosi i rapporti sessuali<\/li>\n<\/ul>\n                <\/div>\n                            <div class=\"product-tab\" id=\"product-tab-3\">\n                    <ul>\n<li>Senza profumi<\/li>\n<li>Senza conservanti<\/li>\n<li>Senza ormoni<\/li>\n<\/ul>\n                <\/div>\n                            <div class=\"product-tab\" id=\"product-tab-4\">\n                    <ul>\n<li aria-level=\"1\">Murat Ekin, Levent Yaoar, Kadir Savan, MuzaVer Temur, Mehmet Uhri, Io\u00c2l Gencer, Esra K\u00c2van\u00e7 (2010) The comparison of hyaluronic acid vaginal tablets with estradiol vaginal tablets in the treatment of atrophic vaginitis: a randomized controlled trial Arch Gynecol Obstet (2011) 283:539-543<\/li>\n<li aria-level=\"1\">C. F. Carson, 1 K.A. Hammer, 1 and T.V. Riley 1,2* (2006) Melaleuca alternifolia (Tea Tree) Oil: a Review of antimicrobical and other medicinal properties CLINICAL MICROBIOLOGY REVIEWS, Jan. 2006, p- 50-62 Vol.19, No. 1<\/li>\n<li aria-level=\"1\">Rizvi S., 2014; Dinicola S., 2015 Vitamin E acts as an antioxidant within the formulation by intercepting peroxyl radicals; its function is mediated by a chemical mechanism. Free Radic Biol Med. 2014 Jan; 66:3-12. Doi: 10.1016\/j.freeradbiomed.2013.03.022. Epub 2013 Apr 2<\/li>\n<li aria-level=\"1\">Ratz-Iyko*, J. Arct and K. Pytkowska (2016) Moisturising and antiinflammatory properties of cosmetic formulation containing Centella asiatica extract \u2013 Indian Journal of Pharmaceutical Sciences 78(1):7-13<\/li>\n<li aria-level=\"1\">Gasparetto JC, Martins CA, Hayashi SS, Otuky MF, Pontarolo R. Ethnobotanical and scientific aspects of Malva sylvestris L.: a millenial herbal medicine. J Pharm Pharmacol. 2012 Feb; 64(2):172-89<\/li>\n<li aria-level=\"1\">Chamomilla Recutita Sowndhararajan K., (2016) influence of fragrances on psycophysiological activity of human: with special reference to human electroencephalographic response Scientia Pharmaceutica 84(4):724-751<\/li>\n<\/ul>\n                <\/div>\n                    <\/div>\n    <\/div>\n    <div class=\"product-downloads\">\n                    <a class=\"download-btn no-border-btn\" href=\"https:\/\/lfm.it\/wp-content\/uploads\/2025\/03\/SERENA-OVULI.pdf\" download><i class=\"fa-classic fa-solid fa-download\" aria-hidden=\"true\"><\/i>Scarica il foglietto illustrativo<\/a>\n            <\/div>\n    <script>\n\n        jQuery(document).ready(function($) {\n            $(\".tab-title\").click(function() {\n                var panel = $(this).data(\"panel\");\n                $(\"#\" + panel).addClass('active').siblings().removeClass('active');\n                $(this).closest('li').addClass('active').siblings().removeClass('active');\n            });\n        });\n\n    <\/script>\n    [\/et_pb_text][et_pb_wc_related_products show_price=&#8221;off&#8221; show_rating=&#8221;off&#8221; show_sale_badge=&#8221;off&#8221; _builder_version=&#8221;4.25.1&#8243; global_colors_info=&#8221;{}&#8221;][\/et_pb_wc_related_products][\/et_pb_column][\/et_pb_row][\/et_pb_section]<\/p>\n","protected":false},"excerpt":{"rendered":"<p>Serena Ovuli Vaginali \u00e8 un dispositivo medico idratante, lenitivo e riepitelizzante, utile come coadiuvante per il trattamento della secchezza vaginale di varia natura e favorisce la riepitelizzazione delle microlesioni della mucosa vaginale.<\/p>","protected":false},"featured_media":978,"comment_status":"open","ping_status":"closed","template":"","meta":{"_acf_changed":false,"_et_pb_use_builder":"on","_et_pb_old_content":"Serena Ovuli Vaginali sono stati studiati appositamente per offrire idratazione, elasticit\u00e0 e tonicit\u00e0 alla mucosa intima. Grazie alla sua formulazione esclusiva, garantisce un sollievo duraturo dai fastidi correlati alla secchezza intima, donando comfort e idratazione prolungata. La pratica apertura a strip ne facilita l'applicazione, mentre la formula avanzata evita residui e colature.","_et_gb_content_width":"","_monsterinsights_skip_tracking":false,"_monsterinsights_sitenote_active":false,"_monsterinsights_sitenote_note":"","_monsterinsights_sitenote_category":0},"product_brand":[],"product_cat":[27],"product_tag":[],"class_list":{"0":"post-537","1":"product","2":"type-product","3":"status-publish","4":"has-post-thumbnail","6":"product_cat-medical-device","8":"first","9":"instock","10":"shipping-taxable","11":"product-type-simple"},"acf":[],"_links":{"self":[{"href":"https:\/\/lfm.it\/eng\/wp-json\/wp\/v2\/product\/537","targetHints":{"allow":["GET"]}}],"collection":[{"href":"https:\/\/lfm.it\/eng\/wp-json\/wp\/v2\/product"}],"about":[{"href":"https:\/\/lfm.it\/eng\/wp-json\/wp\/v2\/types\/product"}],"replies":[{"embeddable":true,"href":"https:\/\/lfm.it\/eng\/wp-json\/wp\/v2\/comments?post=537"}],"wp:featuredmedia":[{"embeddable":true,"href":"https:\/\/lfm.it\/eng\/wp-json\/wp\/v2\/media\/978"}],"wp:attachment":[{"href":"https:\/\/lfm.it\/eng\/wp-json\/wp\/v2\/media?parent=537"}],"wp:term":[{"taxonomy":"product_brand","embeddable":true,"href":"https:\/\/lfm.it\/eng\/wp-json\/wp\/v2\/product_brand?post=537"},{"taxonomy":"product_cat","embeddable":true,"href":"https:\/\/lfm.it\/eng\/wp-json\/wp\/v2\/product_cat?post=537"},{"taxonomy":"product_tag","embeddable":true,"href":"https:\/\/lfm.it\/eng\/wp-json\/wp\/v2\/product_tag?post=537"}],"curies":[{"name":"wp","href":"https:\/\/api.w.org\/{rel}","templated":true}]}}