{"id":408,"date":"2021-08-13T15:46:53","date_gmt":"2021-08-13T15:46:53","guid":{"rendered":"https:\/\/lfmtest.red-apple.it\/?post_type=product&#038;p=408"},"modified":"2025-04-04T15:36:18","modified_gmt":"2025-04-04T15:36:18","slug":"kaloidon-patch","status":"publish","type":"product","link":"https:\/\/lfm.it\/eng\/product\/kaloidon-patch\/","title":{"rendered":"Kaloidon patch"},"content":{"rendered":"<p>[et_pb_section fb_built=&#8221;1&#8243; _builder_version=&#8221;4.25.1&#8243; custom_padding=&#8221;0px||0px||false|false&#8221; collapsed=&#8221;off&#8221; global_colors_info=&#8221;{}&#8221;][et_pb_row column_structure=&#8221;1_5,1_5,3_5&#8243; module_class=&#8221;product-content-row&#8221; _builder_version=&#8221;4.25.1&#8243; background_size=&#8221;initial&#8221; background_position=&#8221;top_left&#8221; background_repeat=&#8221;repeat&#8221; width=&#8221;100%&#8221; custom_padding=&#8221;0px||||false|false&#8221; global_colors_info=&#8221;{}&#8221;][et_pb_column type=&#8221;1_5&#8243; _builder_version=&#8221;4.16&#8243; custom_padding=&#8221;|||&#8221; global_colors_info=&#8221;{}&#8221; custom_padding__hover=&#8221;|||&#8221;][et_pb_text disabled_on=&#8221;off|off|off&#8221; admin_label=&#8221;Testo&#8221; module_class=&#8221;sidebar-column&#8221; _builder_version=&#8221;4.25.1&#8243; _module_preset=&#8221;default&#8221; global_colors_info=&#8221;{}&#8221;]<\/p>\n<div class=\"categories-menu\"><ul><li><span class=\"collapsible \">Farmaceutici<\/span><div class=\"collapsible-content\" ><div class=\"categories-menu\"><ul><li><span class=\"collapsible \">Farmaceutici<\/span><div class=\"collapsible-content\" ><\/div><\/li><li><span class=\"collapsible \">Farmaci C.P.P.<\/span><div class=\"collapsible-content\" ><\/div><\/li><\/ul><\/div><\/div><\/li><li><span class=\"collapsible \">Cosmeceutici<\/span><div class=\"collapsible-content\" ><div class=\"categories-menu\"><ul><li><span class=\"collapsible \">Ginecologici<\/span><div class=\"collapsible-content\" ><ul><li class='product ' style='list-style:none'><a href='https:\/\/lfm.it\/eng\/product\/intimoil\/'>Intimoil<\/a><\/li><li class='product ' style='list-style:none'><a href='https:\/\/lfm.it\/eng\/product\/serena-lipogel\/'>Serena Lipogel<\/a><\/li><li class='product ' style='list-style:none'><a href='https:\/\/lfm.it\/eng\/product\/epilen\/'>Epilen<\/a><\/li><li class='product ' style='list-style:none'><a href='https:\/\/lfm.it\/eng\/product\/intimoil-tt\/'>Intimoil TT<\/a><\/li><li class='product ' style='list-style:none'><a href='https:\/\/lfm.it\/eng\/product\/intimoil-lipogel-tt\/'>Intimoil Lipogel TT<\/a><\/li><\/ul><\/div><\/li><li><span class=\"collapsible \">Dermatologici<\/span><div class=\"collapsible-content\" ><ul><li class='product ' style='list-style:none'><a href='https:\/\/lfm.it\/eng\/product\/epilen\/'>Epilen<\/a><\/li><li class='product ' style='list-style:none'><a href='https:\/\/lfm.it\/eng\/product\/intimoil-tt\/'>Intimoil TT<\/a><\/li><li class='product ' style='list-style:none'><a href='https:\/\/lfm.it\/eng\/product\/intimoil-lipogel-tt\/'>Intimoil Lipogel TT<\/a><\/li><li class='product ' style='list-style:none'><a href='https:\/\/lfm.it\/eng\/product\/crimak-lenitivo\/'>Crimak Rose-IR<\/a><\/li><li class='product ' style='list-style:none'><a href='https:\/\/lfm.it\/eng\/product\/base-lavante-273\/'>Base lavante 273<\/a><\/li><li class='product ' style='list-style:none'><a href='https:\/\/lfm.it\/eng\/product\/k5-lipogel-2\/'>K5 Lipogel<\/a><\/li><li class='product ' style='list-style:none'><a href='https:\/\/lfm.it\/eng\/product\/epiactiv\/'>Epiactiv<\/a><\/li><li class='product ' style='list-style:none'><a href='https:\/\/lfm.it\/eng\/product\/kaloidon-gel\/'>Kaloidon Gel<\/a><\/li><li class='product ' style='list-style:none'><a href='https:\/\/lfm.it\/eng\/product\/kaloidon-tio2\/'>Kaloidon TiO2<\/a><\/li><\/ul><\/div><\/li><\/ul><\/div><\/div><\/li><li><span class=\"collapsible highlight\">Medical device<\/span><div class=\"collapsible-content expanded\" style=\"display: block\"><ul><li class='product ' style='list-style:none'><a href='https:\/\/lfm.it\/eng\/product\/serena-ovuli-vaginali-2\/'>Serena ovuli vaginali<\/a><\/li><li class='product active' style='list-style:none'><a href='https:\/\/lfm.it\/eng\/product\/kaloidon-patch\/'>Kaloidon patch<\/a><\/li><\/ul><\/div><\/li><li><span class=\"collapsible \">Integratori alimentari<\/span><div class=\"collapsible-content\" ><ul><li class='product ' style='list-style:none'><a href='https:\/\/lfm.it\/eng\/product\/serena-ha\/'>Serena HA+<\/a><\/li><li class='product ' style='list-style:none'><a href='https:\/\/lfm.it\/eng\/product\/timoglican-orogranulo-2\/'>Timoglican &#8211; Capelli e Unghie<\/a><\/li><\/ul><\/div><\/li><\/ul><\/div>\n    <style>\n        .categories-menu ul li::marker {\n            color: #8AB4CF !important;\n        }\n        .collapsible {\n            cursor: pointer;\n            user-select: none;\n            border-bottom: 1px dashed #8AB4CF;\n            font-size: 15px;\n            font-weight: 600;\n            font-family: 'Lato', sans-serif;\n            padding-bottom: 15px;\n        }\n        .categories-menu ul li:not(.product) {\n            padding: 10px;\n        }\n        .collapsible-content .product {\n            margin-top: 20px !important;\n        }\n\n        .collapsible-content .product ~ .product {\n            margin-top: unset !important;\n        }\n        .highlight {\n            color: #8AB4CF !important;\n        }\n        .collapsible-content {\n            display: none;\n            margin-left: 20px;\n        }\n        .collapsible-content.expanded {\n            display: block;\n        }\n\n        .categories-menu ul li {\n            text-transform: uppercase;\n        }\n\n        .categories-menu ul li.active a {\n            color: #8AB4CF !important;\n        }\n\n        .product {\n            list-style: none !important;\n            font-weight: 600 !important;\n        }\n\n    <\/style>\n\n    <script>\n        document.addEventListener('DOMContentLoaded', function() {\n            var coll = document.getElementsByClassName('collapsible');\n            for (var i = 0; i < coll.length; i++) {\n                coll[i].addEventListener('click', function() {\n                    this.classList.toggle('active');\n                    var content = this.nextElementSibling;\n                    if (content.style.display === 'block') {\n                        content.style.display = 'none';\n                    } else {\n                        content.style.display = 'block';\n                    }\n                });\n            }\n        });\n    <\/script>\n\n    \n<p>[\/et_pb_text][\/et_pb_column][et_pb_column type=&#8221;1_5&#8243; _builder_version=&#8221;4.16&#8243; custom_padding=&#8221;|||&#8221; global_colors_info=&#8221;{}&#8221; custom_padding__hover=&#8221;|||&#8221;][et_pb_wc_images module_class=&#8221;gallery-column&#8221; _builder_version=&#8221;4.25.1&#8243; global_colors_info=&#8221;{}&#8221;][\/et_pb_wc_images][\/et_pb_column][et_pb_column type=&#8221;3_5&#8243; _builder_version=&#8221;4.25.1&#8243; _module_preset=&#8221;default&#8221; global_colors_info=&#8221;{}&#8221;][et_pb_text admin_label=&#8221;Testo&#8221; _builder_version=&#8221;4.25.1&#8243; _module_preset=&#8221;default&#8221; global_colors_info=&#8221;{}&#8221;]\n    <style>\n        .meta-collapsible {\n            margin: 10px 0;\n            border-bottom: 1px dashed #8AB4CF;\n            padding-bottom: 10px;\n        }\n\n        .meta-collapsible-header {\n            padding: 10px;\n            cursor: pointer;\n            display: flex;\n            justify-content: space-between;\n            align-items: center;\n        }\n \n        .meta-collapsible-content {\n            display: none;\n            padding: 10px;\n        }\n\n        .meta-chevron {\n            transition: transform 0.3s;\n        }\n\n        .meta-chevron.rotate {\n            transform: rotate(180deg);\n        }\n    <\/style>\n\n    <span class=\"terms-breadcrumb\"><a href=\"https:\/\/lfm.it\/eng\/product-category\/medical-device\/\">Medical device<\/a><\/span>\n    <div class=\"product-header\">\n        <div class=\"product-info\">\n            <h1 class=\"product-title\">Kaloidon patch<\/h1>\n            <div class=\"product-format\">\n                <img decoding=\"async\" class=\"product-format-icon\" src=\"https:\/\/lfm.it\/wp-content\/uploads\/2021\/08\/patch.svg\" alt=\"16 cerotti (5 x 15 cm)\">\n                <div class=\"product-format-text\">16 cerotti (5 x 15 cm)<\/div>\n            <\/div>\n        <\/div>\n        <div class=\"product-stickers\">\n                    <\/div>\n    <\/div>\n    <div class=\"product-short-description\">\n        <b>Kaloidon Patch<\/b><span style=\"font-weight: 400;\"> \u00e8 un <\/span><b>cerotto idroattivo<\/b><span style=\"font-weight: 400;\"> che combina un\u2019azione elastocompressiva con ingredienti idratanti per trattare <\/span><b>cicatrici in rilievo<\/b><span style=\"font-weight: 400;\">. Grazie al supporto in poliuretano sottile e traspirante, favorisce l\u2019appiattimento della cicatrice, migliorandone l\u2019aspetto e l\u2019elasticit\u00e0. Pratico e facilmente adattabile a <\/span><b>tutte le aree del corpo<\/b><span style=\"font-weight: 400;\">, \u00e8 traspirante e resistente all'acqua, perfetto per l\u2019utilizzo <\/span><b>anche sotto la doccia<\/b><span style=\"font-weight: 400;\">.<\/span><\/p>\n    <\/div>\n        <div class=\"meta-collapsible\">\n        <div class=\"meta-collapsible-header\">\n            <span class=\"product-collapsible-title\">Componenti<\/span>\n            <span class=\"meta-chevron\">&#x25BC;<\/span>\n        <\/div>\n        <div class=\"meta-collapsible-content\">\n            <p><ul>\n<li><b>ESTRATTO DI CIPOLLA (<\/b><b><i>Allium cepa<\/i><\/b><b>):<\/b><span style=\"font-weight: 400;\"> grazie all\u2019elevato contenuto di Quercetina (&gt;10%), questo estratto naturale aiuta a ridurre l\u2019infiammazione nei tessuti in riparazione, contribuendo a limitare l\u2019iperproliferazione del collagene. Inoltre, contribuisce a minimizzare rossore, prurito e altri fastidi associati alla cicatrizzazione.<\/span><\/li>\n<\/ul>\n<ul>\n<li><b>POLIURETANO: <\/b><span style=\"font-weight: 400;\">un materiale sottile, trasparente e altamente compatibile con la cute, ideale anche per le pelli sensibili e dall\u2019utilizzo consolidato nei trattamenti per le cicatrici. Offre una protezione efficace e una perfetta adattabilit\u00e0, facilitando l\u2019uso quotidiano.<\/span><\/li>\n<\/ul>\n<ul>\n<li><b>ACIDO IALURONICO e CONDROITIN SOLFATO:<\/b><span style=\"font-weight: 400;\"> una combinazione efficace per mantenere la pelle idratata e migliorare l\u2019elasticit\u00e0 del tessuto cicatriziale. Questi componenti supportano il processo di rigenerazione cutanea, migliorando la flessibilit\u00e0 e la morbidezza del tessuto cicatriziale.<\/span><\/li>\n<\/ul>\n<ul>\n<li><span style=\"font-weight: 400;\">\u00a0<\/span><b>ALLANTOINA:<\/b><span style=\"font-weight: 400;\"> un agente lenitivo che allevia prurito e bruciore, garantendo comfort alla pelle durante il processo di rigenerazione. Aiuta a migliorare il benessere cutaneo e a prevenire irritazioni.<\/span><\/li>\n<\/ul>\n<\/p>\n        <\/div>\n    <\/div>\n    <div class=\"applications-container\">\n                    <div class=\"application\">\n                <span class=\"application-icon\"><i class=\"fa-classic fa-solid fa-droplet\" aria-hidden=\"true\"><\/i><\/span>    \n                <span class=\"application-title\">Quantit\u00e0<\/span>\n                <p class=\"application-description\">Un cerotto, eventualmente ritagliabile a seconda delle dimensioni della cicatrice da trattare.<\/p>\n            <\/div>\n                    <div class=\"application\">\n                <span class=\"application-icon\"><i class=\"fa-classic fa-regular fa-clock\" aria-hidden=\"true\"><\/i><\/span>    \n                <span class=\"application-title\">Quando<\/span>\n                <p class=\"application-description\">Applicare su cute integra e preventivamente detersa, iniziando il trattamento dopo la rimozione dei punti o il loro completo assorbimento.<\/p>\n            <\/div>\n                    <div class=\"application\">\n                <span class=\"application-icon\"><i class=\"fa-classic fa-solid fa-bullseye\" aria-hidden=\"true\"><\/i><\/span>    \n                <span class=\"application-title\">Dove<\/span>\n                <p class=\"application-description\">Sull\u2019area cicatriziale, avendo cura di farlo aderire bene.<\/p>\n            <\/div>\n                    <div class=\"application\">\n                <span class=\"application-icon\"><i class=\"fa-classic fa-solid fa-hand-holding-droplet\" aria-hidden=\"true\"><\/i><\/span>    \n                <span class=\"application-title\">Applicazione consigliata<\/span>\n                <p class=\"application-description\">Kaloidon Patch deve essere applicato sulla pelle dopo la rimozione o completo riassorbimento dei punti e lasciato in contatto con la cicatrice per 12-24 ore. Proseguire il trattamento per almeno 4 settimane su cicatrici recenti e per 8-12 settimane su cicatrici datate, e comunque sempre secondo parere medico.<\/p>\n            <\/div>\n            <\/div>\n            <div class=\"kaloidon-cta\">\n            <a href=\"https:\/\/www.kaloidon.com\/\" target=\"_blank\" class=\"btn-kaloidon\">Scopri di pi\u00f9 su Kaloidon.com<\/a>\n        <\/div>\n        \n    [\/et_pb_text][\/et_pb_column][\/et_pb_row][et_pb_row module_class=&#8221;product-undercontent-row&#8221; _builder_version=&#8221;4.25.1&#8243; background_size=&#8221;initial&#8221; background_position=&#8221;top_left&#8221; background_repeat=&#8221;repeat&#8221; width=&#8221;100%&#8221; global_colors_info=&#8221;{}&#8221;][et_pb_column type=&#8221;4_4&#8243; _builder_version=&#8221;4.16&#8243; custom_padding=&#8221;|||&#8221; global_colors_info=&#8221;{}&#8221; custom_padding__hover=&#8221;|||&#8221;][et_pb_text _builder_version=&#8221;4.25.1&#8243; _module_preset=&#8221;default&#8221; global_colors_info=&#8221;{}&#8221;]\n    <div id=\"product-tabs\">\n        <div class=\"tabs-navigation\">\n            <ul>\n                <li class=\"active\"><a data-panel=\"product-tab-1\" class=\"tab-title\">Info prodotto <\/a><\/li>\n                                    <li><a data-panel=\"product-tab-2\" class=\"tab-title\">Utile per<\/a><\/li>\n                                    <li><a data-panel=\"product-tab-3\" class=\"tab-title\">Bibliografia<\/a><\/li>\n                            <\/ul>\n        <\/div>\n        <div class=\"tabs-content\">\n            <div class=\"product-tab active\" id=\"product-tab-1\">\n                <strong>Formato:<\/strong> 16 cerotti<br class=\"br-class\">\r\n<strong>Dimensioni:<\/strong> 15x5 cm<br class=\"br-class\">\r\n<strong>Applicazione:<\/strong> rimuovere una delle due parti della carta protettiva, applicare la parte adesiva del cerotto sulla pelle, togliere l'altra met\u00e0 della carta protettiva e fare aderire il cerotto all'epidermide.<br class=\"br-class\">\r\n<img loading=\"lazy\" decoding=\"async\" class=\"alignnone wp-image-1404 size-full\" src=\"https:\/\/lfm.it\/wp-content\/uploads\/2021\/08\/foglietto1a-kaloidon-patch.jpg\" alt=\"\" width=\"648\" height=\"112\" srcset=\"https:\/\/lfm.it\/wp-content\/uploads\/2021\/08\/foglietto1a-kaloidon-patch.jpg 648w, https:\/\/lfm.it\/wp-content\/uploads\/2021\/08\/foglietto1a-kaloidon-patch-480x83.jpg 480w\" sizes=\"(min-width: 0px) and (max-width: 480px) 480px, (min-width: 481px) 648px, 100vw\" \/><br class=\"br-class\">\r\nAssicurarsi che la pelle sia pulita e asciutta e che la cicatrice sia completamente coperta. Qualora il cerotto non dovesse essere sufficiente per l'intera superficie \u00e8 possibile applicare di fianco un altro cerotto. Per cicatrici pi\u00f9 piccole invece, il cerotto pu\u00f2 essere tagliato nella misura desiderata come indicato in figura.<br class=\"br-class\">\r\n<img loading=\"lazy\" decoding=\"async\" class=\"alignnone wp-image-1405 size-full\" src=\"https:\/\/lfm.it\/wp-content\/uploads\/2021\/08\/foglietto1b-kaloidon-patch.jpg\" alt=\"\" width=\"112\" height=\"111\" srcset=\"https:\/\/lfm.it\/wp-content\/uploads\/2021\/08\/foglietto1b-kaloidon-patch.jpg 112w, https:\/\/lfm.it\/wp-content\/uploads\/2021\/08\/foglietto1b-kaloidon-patch-100x100.jpg 100w, https:\/\/lfm.it\/wp-content\/uploads\/2021\/08\/foglietto1b-kaloidon-patch-12x12.jpg 12w\" sizes=\"(max-width: 112px) 100vw, 112px\" \/><br class=\"br-class\">\r\nKaloidon Patch \u00e8 adatto per qualsiasi parte del corpo, viso compreso. Il cerotto va sostituito quotidianamente.<br class=\"br-class\">\r\n<strong>Rimozione cerotto:<\/strong> tamponare la pelle intorno al cerotto con una spugnetta imbevuta di acqua tiepida (o con un batuffolo di cotone) e sollevarne un lembo continuando a bagnare la zona interessata. Rimuoverlo lentamente.<br class=\"br-class\">\r\n<img loading=\"lazy\" decoding=\"async\" class=\"alignnone wp-image-1406 size-full\" src=\"https:\/\/lfm.it\/wp-content\/uploads\/2021\/08\/foglietto2a-kaloidon-patch.jpg\" alt=\"\" width=\"382\" height=\"114\" srcset=\"https:\/\/lfm.it\/wp-content\/uploads\/2021\/08\/foglietto2a-kaloidon-patch.jpg 382w, https:\/\/lfm.it\/wp-content\/uploads\/2021\/08\/foglietto2a-kaloidon-patch-300x90.jpg 300w, https:\/\/lfm.it\/wp-content\/uploads\/2021\/08\/foglietto2a-kaloidon-patch-18x5.jpg 18w\" sizes=\"(max-width: 382px) 100vw, 382px\" \/>            <\/div>\n                            <div class=\"product-tab\" id=\"product-tab-2\">\n                    <ul>\n<li>IN PREVENZIONE: Applicare a partire da 2 giorni dopo la rimozione dei punti o dopo completo assorbimento e proseguire l&#8217;applicazione quotidiana 4 settimane. 1 cerotto al giorno per 12-24 ore<\/li>\n<li>TRATTAMENTO: su cicatrici ipertrofiche o cheloidi gi\u00e0 formati, per appiattire e ammorbidire la cicatrice. Protrarre l&#8217;applicazione quotidiana per almeno 8 settimane.<\/li>\n<\/ul>\n                <\/div>\n                            <div class=\"product-tab\" id=\"product-tab-3\">\n                    <ul>\n<li aria-level=\"1\">(1) Conti V., Corbi G., Iannaccone T., Corrado B., Giugliano L., Lembo S., Filippelli A., &amp; Guida M. (2020). Effectiveness and tolerability of a patch containing onion extract and allantoin for cesarean section scars. <i>Frontiers in Pharmacology, 11<\/i>, Article 569514.<\/li>\n<li aria-level=\"1\">(2) Campanati A., Ceccarelli G., Brisigotti V., Molinelli E., Martina E., Talevi D., Marconi B., Giannoni M., Markantoni V., Gregoriou S., Kontochristopoulos G., &amp; Offidani A. (2021). Effects of in vivo application of an overnight patch containing Allium cepa, allantoin, and pentaglycan on hypertrophic scars and keloids: Clinical, videocapillaroscopic, and ultrasonographic study. <i>Dermatologic Therapy, 34<\/i>(1), e14665.<\/li>\n<li aria-level=\"1\">(3) Cosio, T.; Costanza, G.; Coniglione, F.; Romeo, A.; Iacovelli, F.; Diluvio, L.; Dika, E.; Shumak, R.G.; Rossi, P.; Bianchi, L.; et al. From In Silico Simulation between TGF-\u03b2 Receptors and Quercetin to clinical Insight of a Medical Device Containing Allium cepa: Its Efficacy and Tolerability on Post-Surgical Scars. Life 2023, 13, 1781.<\/li>\n<li aria-level=\"1\">(4) Campanati A.; Savelli A.; Sandroni L.; Marconi B.; Giuliano A.; Giuliodori K.; Ganzetti G.; Offidani A. Effect of Allium Cepa-Allantoin-Pentaglycan Gel on skin Hypertrophic Scars: Clinical and Video-Capillaroscopic Results of an Opne-Label, Controlled, Nonrandomized Clinical Trial. Dermatologic Surgery, 2010; 36:1439-1444.<\/li>\n<li aria-level=\"1\">(5) Becker LC, Bergfeld WF, Belsito DV, Klaassen CD, Marks JG Jr, Shank RC, Slaga TJ, Snyder PW, Alan Andersen F. Final report of the safety assessment of allantoin and its related complexes. Int J Toxicol. 2010 May;29(3 Suppl):84S-97S. doi: 10.1177\/1091581810362805. PMID: 20448269.<\/li>\n<\/ul>\n                <\/div>\n                    <\/div>\n    <\/div>\n    <div class=\"product-downloads\">\n                    <a class=\"download-btn no-border-btn\" href=\"https:\/\/lfm.it\/wp-content\/uploads\/2025\/03\/KALOIDON-PATCH.pdf\" download><i class=\"fa-classic fa-solid fa-download\" aria-hidden=\"true\"><\/i>Scarica il foglietto illustrativo<\/a>\n            <\/div>\n    <script>\n\n        jQuery(document).ready(function($) {\n            $(\".tab-title\").click(function() {\n                var panel = $(this).data(\"panel\");\n                $(\"#\" + panel).addClass('active').siblings().removeClass('active');\n                $(this).closest('li').addClass('active').siblings().removeClass('active');\n            });\n        });\n\n    <\/script>\n    [\/et_pb_text][et_pb_wc_related_products show_price=&#8221;off&#8221; show_rating=&#8221;off&#8221; show_sale_badge=&#8221;off&#8221; _builder_version=&#8221;4.25.1&#8243; global_colors_info=&#8221;{}&#8221;][\/et_pb_wc_related_products][\/et_pb_column][\/et_pb_row][\/et_pb_section]<\/p>\n","protected":false},"excerpt":{"rendered":"<p><b>Kaloidon Patch<\/b><span style=\"font-weight: 400;\"> \u00e8 un <\/span><b>cerotto idroattivo<\/b><span style=\"font-weight: 400;\"> che combina un\u2019azione elastocompressiva con ingredienti idratanti per trattare <\/span><b>cicatrici in rilievo<\/b><span style=\"font-weight: 400;\">. Grazie al supporto in poliuretano sottile e traspirante, favorisce l\u2019appiattimento della cicatrice, migliorandone l\u2019aspetto e l\u2019elasticit\u00e0. Pratico e facilmente adattabile a <\/span><b>tutte le aree del corpo<\/b><span style=\"font-weight: 400;\">, \u00e8 traspirante e resistente all&#8217;acqua, perfetto per l\u2019utilizzo <\/span><b>anche sotto la doccia<\/b><span style=\"font-weight: 400;\">.<\/span><\/p>","protected":false},"featured_media":985,"comment_status":"open","ping_status":"closed","template":"","meta":{"_acf_changed":false,"_et_pb_use_builder":"on","_et_pb_old_content":"<strong>Formato:<\/strong> 16 cerotti<br class=\"br-class\">\r\n<strong>Dimensioni:<\/strong> 15x5 cm<br class=\"br-class\">\r\n<strong>Applicazione:<\/strong> rimuovere una delle due parti della carta protettiva, applicare la parte adesiva del cerotto sulla pelle, togliere l'altra met\u00e0 della carta protettiva e fare aderire il cerotto all'epidermide.<br class=\"br-class\">\r\n<img class=\"alignnone wp-image-1404 size-full\" src=\"https:\/\/lfm.it\/wp-content\/uploads\/2021\/08\/foglietto1a-kaloidon-patch.jpg\" alt=\"\" width=\"648\" height=\"112\" \/><br class=\"br-class\">\r\nAssicurarsi che la pelle sia pulita e asciutta e che la cicatrice sia completamente coperta. Qualora il cerotto non dovesse essere sufficiente per l'intera superficie \u00e8 possibile applicare di fianco un altro cerotto. Per cicatrici pi\u00f9 piccole invece, il cerotto pu\u00f2 essere tagliato nella misura desiderata come indicato in figura.<br class=\"br-class\">\r\n<img class=\"alignnone wp-image-1405 size-full\" src=\"https:\/\/lfm.it\/wp-content\/uploads\/2021\/08\/foglietto1b-kaloidon-patch.jpg\" alt=\"\" width=\"112\" height=\"111\" \/><br class=\"br-class\">\r\nKaloidon Patch \u00e8 adatto per qualsiasi parte del corpo, viso compreso. Il cerotto va sostituito quotidianamente.<br class=\"br-class\">\r\n<strong>Rimozione cerotto:<\/strong> tamponare la pelle intorno al cerotto con una spugnetta imbevuta di acqua tiepida (o con un batuffolo di cotone) e sollevarne un lembo continuando a bagnare la zona interessata. Rimuoverlo lentamente.<br class=\"br-class\">\r\n<img class=\"alignnone wp-image-1406 size-full\" src=\"https:\/\/lfm.it\/wp-content\/uploads\/2021\/08\/foglietto2a-kaloidon-patch.jpg\" alt=\"\" width=\"382\" height=\"114\" \/>","_et_gb_content_width":"","_monsterinsights_skip_tracking":false,"_monsterinsights_sitenote_active":false,"_monsterinsights_sitenote_note":"","_monsterinsights_sitenote_category":0},"product_brand":[],"product_cat":[27],"product_tag":[],"class_list":{"0":"post-408","1":"product","2":"type-product","3":"status-publish","4":"has-post-thumbnail","6":"product_cat-medical-device","8":"first","9":"instock","10":"shipping-taxable","11":"product-type-simple"},"acf":[],"_links":{"self":[{"href":"https:\/\/lfm.it\/eng\/wp-json\/wp\/v2\/product\/408","targetHints":{"allow":["GET"]}}],"collection":[{"href":"https:\/\/lfm.it\/eng\/wp-json\/wp\/v2\/product"}],"about":[{"href":"https:\/\/lfm.it\/eng\/wp-json\/wp\/v2\/types\/product"}],"replies":[{"embeddable":true,"href":"https:\/\/lfm.it\/eng\/wp-json\/wp\/v2\/comments?post=408"}],"wp:featuredmedia":[{"embeddable":true,"href":"https:\/\/lfm.it\/eng\/wp-json\/wp\/v2\/media\/985"}],"wp:attachment":[{"href":"https:\/\/lfm.it\/eng\/wp-json\/wp\/v2\/media?parent=408"}],"wp:term":[{"taxonomy":"product_brand","embeddable":true,"href":"https:\/\/lfm.it\/eng\/wp-json\/wp\/v2\/product_brand?post=408"},{"taxonomy":"product_cat","embeddable":true,"href":"https:\/\/lfm.it\/eng\/wp-json\/wp\/v2\/product_cat?post=408"},{"taxonomy":"product_tag","embeddable":true,"href":"https:\/\/lfm.it\/eng\/wp-json\/wp\/v2\/product_tag?post=408"}],"curies":[{"name":"wp","href":"https:\/\/api.w.org\/{rel}","templated":true}]}}