{"id":400,"date":"2021-08-13T15:39:05","date_gmt":"2021-08-13T15:39:05","guid":{"rendered":"https:\/\/lfmtest.red-apple.it\/?post_type=product&#038;p=400"},"modified":"2025-03-28T08:49:48","modified_gmt":"2025-03-28T08:49:48","slug":"crimak-lenitivo","status":"publish","type":"product","link":"https:\/\/lfm.it\/eng\/product\/crimak-lenitivo\/","title":{"rendered":"Crimak Rose-IR"},"content":{"rendered":"<p>[et_pb_section fb_built=&#8221;1&#8243; _builder_version=&#8221;4.25.1&#8243; custom_padding=&#8221;0px||0px||false|false&#8221; collapsed=&#8221;off&#8221; global_colors_info=&#8221;{}&#8221;][et_pb_row column_structure=&#8221;1_5,1_5,3_5&#8243; module_class=&#8221;product-content-row&#8221; _builder_version=&#8221;4.25.1&#8243; background_size=&#8221;initial&#8221; background_position=&#8221;top_left&#8221; background_repeat=&#8221;repeat&#8221; width=&#8221;100%&#8221; custom_padding=&#8221;0px||||false|false&#8221; global_colors_info=&#8221;{}&#8221;][et_pb_column type=&#8221;1_5&#8243; _builder_version=&#8221;4.16&#8243; custom_padding=&#8221;|||&#8221; global_colors_info=&#8221;{}&#8221; custom_padding__hover=&#8221;|||&#8221;][et_pb_text disabled_on=&#8221;off|off|off&#8221; admin_label=&#8221;Testo&#8221; module_class=&#8221;sidebar-column&#8221; _builder_version=&#8221;4.25.1&#8243; _module_preset=&#8221;default&#8221; global_colors_info=&#8221;{}&#8221;]<\/p>\n<div class=\"categories-menu\"><ul><li><span class=\"collapsible \">Farmaceutici<\/span><div class=\"collapsible-content\" ><div class=\"categories-menu\"><ul><li><span class=\"collapsible \">Farmaceutici<\/span><div class=\"collapsible-content\" ><\/div><\/li><li><span class=\"collapsible \">Farmaci C.P.P.<\/span><div class=\"collapsible-content\" ><\/div><\/li><\/ul><\/div><\/div><\/li><li><span class=\"collapsible highlight\">Cosmeceutici<\/span><div class=\"collapsible-content expanded\" style=\"display: block\"><div class=\"categories-menu\"><ul><li><span class=\"collapsible \">Ginecologici<\/span><div class=\"collapsible-content\" ><ul><li class='product ' style='list-style:none'><a href='https:\/\/lfm.it\/eng\/product\/intimoil\/'>Intimoil<\/a><\/li><li class='product ' style='list-style:none'><a href='https:\/\/lfm.it\/eng\/product\/serena-lipogel\/'>Serena Lipogel<\/a><\/li><li class='product ' style='list-style:none'><a href='https:\/\/lfm.it\/eng\/product\/epilen\/'>Epilen<\/a><\/li><li class='product ' style='list-style:none'><a href='https:\/\/lfm.it\/eng\/product\/intimoil-tt\/'>Intimoil TT<\/a><\/li><li class='product ' style='list-style:none'><a href='https:\/\/lfm.it\/eng\/product\/intimoil-lipogel-tt\/'>Intimoil Lipogel TT<\/a><\/li><\/ul><\/div><\/li><li><span class=\"collapsible highlight\">Dermatologici<\/span><div class=\"collapsible-content expanded\" style=\"display: block\"><ul><li class='product ' style='list-style:none'><a href='https:\/\/lfm.it\/eng\/product\/epilen\/'>Epilen<\/a><\/li><li class='product ' style='list-style:none'><a href='https:\/\/lfm.it\/eng\/product\/intimoil-tt\/'>Intimoil TT<\/a><\/li><li class='product ' style='list-style:none'><a href='https:\/\/lfm.it\/eng\/product\/intimoil-lipogel-tt\/'>Intimoil Lipogel TT<\/a><\/li><li class='product active' style='list-style:none'><a href='https:\/\/lfm.it\/eng\/product\/crimak-lenitivo\/'>Crimak Rose-IR<\/a><\/li><li class='product ' style='list-style:none'><a href='https:\/\/lfm.it\/eng\/product\/base-lavante-273\/'>Base lavante 273<\/a><\/li><li class='product ' style='list-style:none'><a href='https:\/\/lfm.it\/eng\/product\/k5-lipogel-2\/'>K5 Lipogel<\/a><\/li><li class='product ' style='list-style:none'><a href='https:\/\/lfm.it\/eng\/product\/epiactiv\/'>Epiactiv<\/a><\/li><li class='product ' style='list-style:none'><a href='https:\/\/lfm.it\/eng\/product\/kaloidon-gel\/'>Kaloidon Gel<\/a><\/li><li class='product ' style='list-style:none'><a href='https:\/\/lfm.it\/eng\/product\/kaloidon-tio2\/'>Kaloidon TiO2<\/a><\/li><\/ul><\/div><\/li><\/ul><\/div><\/div><\/li><li><span class=\"collapsible \">Medical device<\/span><div class=\"collapsible-content\" ><ul><li class='product ' style='list-style:none'><a href='https:\/\/lfm.it\/eng\/product\/serena-ovuli-vaginali-2\/'>Serena ovuli vaginali<\/a><\/li><li class='product ' style='list-style:none'><a href='https:\/\/lfm.it\/eng\/product\/kaloidon-patch\/'>Kaloidon patch<\/a><\/li><\/ul><\/div><\/li><li><span class=\"collapsible \">Integratori alimentari<\/span><div class=\"collapsible-content\" ><ul><li class='product ' style='list-style:none'><a href='https:\/\/lfm.it\/eng\/product\/serena-ha\/'>Serena HA+<\/a><\/li><li class='product ' style='list-style:none'><a href='https:\/\/lfm.it\/eng\/product\/timoglican-orogranulo-2\/'>Timoglican &#8211; Capelli e Unghie<\/a><\/li><\/ul><\/div><\/li><\/ul><\/div>\n    <style>\n        .categories-menu ul li::marker {\n            color: #8AB4CF !important;\n        }\n        .collapsible {\n            cursor: pointer;\n            user-select: none;\n            border-bottom: 1px dashed #8AB4CF;\n            font-size: 15px;\n            font-weight: 600;\n            font-family: 'Lato', sans-serif;\n            padding-bottom: 15px;\n        }\n        .categories-menu ul li:not(.product) {\n            padding: 10px;\n        }\n        .collapsible-content .product {\n            margin-top: 20px !important;\n        }\n\n        .collapsible-content .product ~ .product {\n            margin-top: unset !important;\n        }\n        .highlight {\n            color: #8AB4CF !important;\n        }\n        .collapsible-content {\n            display: none;\n            margin-left: 20px;\n        }\n        .collapsible-content.expanded {\n            display: block;\n        }\n\n        .categories-menu ul li {\n            text-transform: uppercase;\n        }\n\n        .categories-menu ul li.active a {\n            color: #8AB4CF !important;\n        }\n\n        .product {\n            list-style: none !important;\n            font-weight: 600 !important;\n        }\n\n    <\/style>\n\n    <script>\n        document.addEventListener('DOMContentLoaded', function() {\n            var coll = document.getElementsByClassName('collapsible');\n            for (var i = 0; i < coll.length; i++) {\n                coll[i].addEventListener('click', function() {\n                    this.classList.toggle('active');\n                    var content = this.nextElementSibling;\n                    if (content.style.display === 'block') {\n                        content.style.display = 'none';\n                    } else {\n                        content.style.display = 'block';\n                    }\n                });\n            }\n        });\n    <\/script>\n\n    \n<p>[\/et_pb_text][\/et_pb_column][et_pb_column type=&#8221;1_5&#8243; _builder_version=&#8221;4.16&#8243; custom_padding=&#8221;|||&#8221; global_colors_info=&#8221;{}&#8221; custom_padding__hover=&#8221;|||&#8221;][et_pb_wc_images module_class=&#8221;gallery-column&#8221; _builder_version=&#8221;4.25.1&#8243; global_colors_info=&#8221;{}&#8221;][\/et_pb_wc_images][\/et_pb_column][et_pb_column type=&#8221;3_5&#8243; _builder_version=&#8221;4.25.1&#8243; _module_preset=&#8221;default&#8221; global_colors_info=&#8221;{}&#8221;][et_pb_text admin_label=&#8221;Testo&#8221; _builder_version=&#8221;4.25.1&#8243; _module_preset=&#8221;default&#8221; global_colors_info=&#8221;{}&#8221;]\n    <style>\n        .meta-collapsible {\n            margin: 10px 0;\n            border-bottom: 1px dashed #8AB4CF;\n            padding-bottom: 10px;\n        }\n\n        .meta-collapsible-header {\n            padding: 10px;\n            cursor: pointer;\n            display: flex;\n            justify-content: space-between;\n            align-items: center;\n        }\n \n        .meta-collapsible-content {\n            display: none;\n            padding: 10px;\n        }\n\n        .meta-chevron {\n            transition: transform 0.3s;\n        }\n\n        .meta-chevron.rotate {\n            transform: rotate(180deg);\n        }\n    <\/style>\n\n    <span class=\"terms-breadcrumb\"><a href=\"https:\/\/lfm.it\/eng\/product-category\/cosmeceutici\/\">Cosmeceutici<\/a> \/ <a href=\"https:\/\/lfm.it\/eng\/product-category\/cosmeceutici\/dermatologici\/\">Dermatologici<\/a><\/span>\n    <div class=\"product-header\">\n        <div class=\"product-info\">\n            <h1 class=\"product-title\">Crimak Rose-IR<\/h1>\n            <div class=\"product-format\">\n                <img decoding=\"async\" class=\"product-format-icon\" src=\"https:\/\/lfm.it\/wp-content\/uploads\/2021\/08\/tubetto.svg\" alt=\"Tubo - 40 ml\">\n                <div class=\"product-format-text\">Tubo - 40 ml<\/div>\n            <\/div>\n        <\/div>\n        <div class=\"product-stickers\">\n                            <div class=\"sticker-container\">\n                    <img decoding=\"async\" src=\"https:\/\/lfm.it\/wp-content\/uploads\/2021\/08\/senza-profumo-1.png\" alt=\"Senza profumo\">\n                    <span>Senza profumo<\/span>\n                <\/div>\n                            <div class=\"sticker-container\">\n                    <img decoding=\"async\" src=\"https:\/\/lfm.it\/wp-content\/uploads\/2021\/08\/effetto-camouflage-1.png\" alt=\"Effetto camouflage\">\n                    <span>Effetto camouflage<\/span>\n                <\/div>\n                    <\/div>\n    <\/div>\n    <div class=\"product-short-description\">\n        Crimak Rose-IR \u00e8 una crema viso specificamente formulata per contrastare il rossore cutaneo, fornendo protezione e sollievo alle pelli estremamente sensibili, reattive e soggette a couperose\/rosacea.<\/p>\n    <\/div>\n        <div class=\"meta-collapsible\">\n        <div class=\"meta-collapsible-header\">\n            <span class=\"product-collapsible-title\">Componenti<\/span>\n            <span class=\"meta-chevron\">&#x25BC;<\/span>\n        <\/div>\n        <div class=\"meta-collapsible-content\">\n            <p><ul>\n<li><strong>ALGA CORALLINA:<\/strong> attenua il calore generato dalla vasodilatazione superficiale e protegge dai raggi IR<\/li>\n<\/ul>\n<ul>\n<li><strong>ESTRATTO DI RUSCO:<\/strong> vasocostrittore e vasotonico sui capillari.<\/li>\n<\/ul>\n<ul>\n<li><strong>FILTRI SOLARI SPF50+:<\/strong> protegge dalle radiazioni UVA e UVB che portano a vasodilatazione superficiale dei capillari aumentando il rossore cutaneo e il danno ossidativo<\/li>\n<\/ul>\n<ul>\n<li><strong>VITAMINA E + ALLANTOINA + BISABOLOLO:<\/strong> ad effetto lenitivo, calmante e restitutivo dell&#8217;integrit\u00e0 di membrana<\/li>\n<\/ul>\n<\/p>\n        <\/div>\n    <\/div>\n    <div class=\"applications-container\">\n                    <div class=\"application\">\n                <span class=\"application-icon\"><i class=\"fa-classic fa-solid fa-droplet\" aria-hidden=\"true\"><\/i><\/span>    \n                <span class=\"application-title\">Quantit\u00e0<\/span>\n                <p class=\"application-description\">La quantit\u00e0 necessaria per coprire con un sottile strato di crema il viso, con particolare attenzione per le aree pi\u00f9 sensibili e soggette a rossori<\/p>\n            <\/div>\n                    <div class=\"application\">\n                <span class=\"application-icon\"><i class=\"fa-classic fa-regular fa-clock\" aria-hidden=\"true\"><\/i><\/span>    \n                <span class=\"application-title\">Quando<\/span>\n                <p class=\"application-description\">Mattino e sera, dopo detersione delicata<\/p>\n            <\/div>\n                    <div class=\"application\">\n                <span class=\"application-icon\"><i class=\"fa-classic fa-solid fa-bullseye\" aria-hidden=\"true\"><\/i><\/span>    \n                <span class=\"application-title\">Dove<\/span>\n                <p class=\"application-description\">Viso<\/p>\n            <\/div>\n                    <div class=\"application\">\n                <span class=\"application-icon\"><i class=\"fa-classic fa-solid fa-hand-holding-droplet\" aria-hidden=\"true\"><\/i><\/span>    \n                <span class=\"application-title\">Applicazione consigliata<\/span>\n                <p class=\"application-description\">Applicare una quantit\u00e0 adeguata di prodotto sul viso deterso e asciutto,\r\nmassaggiando delicatamente per favorire l\u2019assorbimento. Ripetere periodicamente\r\nl\u2019applicazione, soprattutto in caso di prolungata esposizione al sole, e comunque sempre\r\nsecondo parere medico.<\/p>\n            <\/div>\n            <\/div>\n        \n    [\/et_pb_text][\/et_pb_column][\/et_pb_row][et_pb_row module_class=&#8221;product-undercontent-row&#8221; _builder_version=&#8221;4.25.1&#8243; background_size=&#8221;initial&#8221; background_position=&#8221;top_left&#8221; background_repeat=&#8221;repeat&#8221; width=&#8221;100%&#8221; global_colors_info=&#8221;{}&#8221;][et_pb_column type=&#8221;4_4&#8243; _builder_version=&#8221;4.16&#8243; custom_padding=&#8221;|||&#8221; global_colors_info=&#8221;{}&#8221; custom_padding__hover=&#8221;|||&#8221;][et_pb_text _builder_version=&#8221;4.25.1&#8243; _module_preset=&#8221;default&#8221; global_colors_info=&#8221;{}&#8221;]\n    <div id=\"product-tabs\">\n        <div class=\"tabs-navigation\">\n            <ul>\n                <li class=\"active\"><a data-panel=\"product-tab-1\" class=\"tab-title\">Info prodotto <\/a><\/li>\n                                    <li><a data-panel=\"product-tab-2\" class=\"tab-title\">Utile per<\/a><\/li>\n                                    <li><a data-panel=\"product-tab-3\" class=\"tab-title\">Senza<\/a><\/li>\n                                    <li><a data-panel=\"product-tab-4\" class=\"tab-title\">Bibliografia<\/a><\/li>\n                            <\/ul>\n        <\/div>\n        <div class=\"tabs-content\">\n            <div class=\"product-tab active\" id=\"product-tab-1\">\n                Crimak Rose-IR contribuisce a rafforzare il microcircolo, attenuare i diversi stadi del rossore e proteggere efficacemente dai raggi solari UVB, UVA e IR, ideale per pelli molto sensibili e tendenti a couperose e rosacea. la sua texture leggera e la delicata colorazione verdina che maschera il rossore, rendono Crimak Rose-IR un'ottima base per il trucco.            <\/div>\n                            <div class=\"product-tab\" id=\"product-tab-2\">\n                    <ul>\n<li>PELLE MOLTO SENSIBILE e tendente ad arrossamento<\/li>\n<li>COUPEROSE e ROSACEA<\/li>\n<li>Ottima PROTEZIONE SOLARE VISO per chi ha la pelle sensibile<\/li>\n<\/ul>\n                <\/div>\n                            <div class=\"product-tab\" id=\"product-tab-3\">\n                    <ul>\n<li>Senza profumo<\/li>\n<li>Senza alcool<\/li>\n<li>Senza parabeni<\/li>\n<li>Senza siliconi<\/li>\n<\/ul>\n                <\/div>\n                            <div class=\"product-tab\" id=\"product-tab-4\">\n                    <ul>\n<li>Masullo M, Pizza C, Piacente S. Ruscus Genus: A Rich Source of Bioactive Steroidal Saponins. Planta Med. 2016 Dec;82(18):1513-1524. doi: 10.1055\/s-0042-119728. Epub 2016 Nov 8. PMID: 27825178.<\/li>\n<li>Sorg O, Tran C, Saurat JH. Cutaneous vitamins A and E in the context of ultraviolet- or chemically-induced oxidative stress. Skin Pharmacol Appl Skin Physiol. 2001 Nov-Dec;14(6):363-72. doi: 10.1159\/000056370. PMID: 11598436.<\/li>\n<li>Yuling Yang 1, Dan Liu, Jun Wu, Yan Chen, Shusheng Wang In vitro antioxidant activities of sulfated polysaccharide fractions extracted from Corallina officinalis. 2011 Dec 1;49(5):1031-7. doi: 10.1016\/j.ijbiomac.2011.08.026. Epub 2011 Sep 1.<\/li>\n<li>Maurya AK, Singh M, Dubey V, Srivastava S, Luqman S, Bawankule DU. \u03b1-(-)-bisabolol reduces pro-inflammatory cytokine production and ameliorates skin inflammation. Curr Pharm Biotechnol. 2014;15(2):173-81. doi: 10.2174\/1389201015666140528152946. PMID: 24894548.<\/li>\n<li>Saucedo-Acu\u00f1a RA, Meza-Valle KZ, Cuevas-Gonz\u00e1lez JC, Ordo\u00f1ez-Casanova EG, Castellanos-Garc\u00eda MI, Zaragoza-Contreras EA, Tamayo-P\u00e9rez GF. Characterization and In Vivo Assay of Allantoin-Enriched Pectin Hydrogel for the Treatment of Skin Wounds. Int J Mol Sci. 2023 Apr 17;24(8):7377. doi: 10.3390\/ijms24087377. PMID: 37108540; PMCID: PMC10138972.<\/li>\n<\/ul>\n                <\/div>\n                    <\/div>\n    <\/div>\n    <div class=\"product-downloads\">\n                    <a class=\"download-btn no-border-btn\" href=\"https:\/\/lfm.it\/wp-content\/uploads\/2025\/03\/CRIMAK-ROSE-IR.pdf\" download><i class=\"fa-classic fa-solid fa-download\" aria-hidden=\"true\"><\/i>Scarica il foglietto illustrativo<\/a>\n            <\/div>\n    <script>\n\n        jQuery(document).ready(function($) {\n            $(\".tab-title\").click(function() {\n                var panel = $(this).data(\"panel\");\n                $(\"#\" + panel).addClass('active').siblings().removeClass('active');\n                $(this).closest('li').addClass('active').siblings().removeClass('active');\n            });\n        });\n\n    <\/script>\n    [\/et_pb_text][et_pb_wc_related_products include_categories=&#8221;all&#8221; show_price=&#8221;off&#8221; show_rating=&#8221;off&#8221; show_sale_badge=&#8221;off&#8221; _builder_version=&#8221;4.25.1&#8243; global_colors_info=&#8221;{}&#8221;][\/et_pb_wc_related_products][\/et_pb_column][\/et_pb_row][\/et_pb_section]<\/p>\n","protected":false},"excerpt":{"rendered":"<p>Crimak Rose-IR \u00e8 una crema viso specificamente formulata per contrastare il rossore cutaneo, fornendo protezione e sollievo alle pelli estremamente sensibili, reattive e soggette a couperose\/rosacea.<\/p>","protected":false},"featured_media":1417,"comment_status":"open","ping_status":"closed","template":"","meta":{"_acf_changed":false,"_et_pb_use_builder":"on","_et_pb_old_content":"Crimak Rose-IR contribuisce a rafforzare il microcircolo, attenuare i diversi stadi del rossore e proteggere efficacemente dai raggi solari UVB, UVA e IR, ideale per pelli molto sensibili e tendenti a couperose e rosacea. la sua texture leggera e la delicata colorazione verdina che maschera il rossore, rendono Crimak Rose-IR un'ottima base per il trucco.","_et_gb_content_width":"","_monsterinsights_skip_tracking":false,"_monsterinsights_sitenote_active":false,"_monsterinsights_sitenote_note":"","_monsterinsights_sitenote_category":0},"product_brand":[],"product_cat":[24,25],"product_tag":[49,50,51,52,53,54,55,56,57,58],"class_list":{"0":"post-400","1":"product","2":"type-product","3":"status-publish","4":"has-post-thumbnail","6":"product_cat-cosmeceutici","7":"product_cat-dermatologici","8":"product_tag-crema-viso","9":"product_tag-crema-protettiva","10":"product_tag-spf50","11":"product_tag-antirossore","12":"product_tag-couperose","13":"product_tag-rosacea","14":"product_tag-eritrosi","15":"product_tag-teleangectasie","16":"product_tag-camouflage","17":"product_tag-filtro-ir","19":"first","20":"instock","21":"shipping-taxable","22":"product-type-simple"},"acf":[],"_links":{"self":[{"href":"https:\/\/lfm.it\/eng\/wp-json\/wp\/v2\/product\/400","targetHints":{"allow":["GET"]}}],"collection":[{"href":"https:\/\/lfm.it\/eng\/wp-json\/wp\/v2\/product"}],"about":[{"href":"https:\/\/lfm.it\/eng\/wp-json\/wp\/v2\/types\/product"}],"replies":[{"embeddable":true,"href":"https:\/\/lfm.it\/eng\/wp-json\/wp\/v2\/comments?post=400"}],"wp:featuredmedia":[{"embeddable":true,"href":"https:\/\/lfm.it\/eng\/wp-json\/wp\/v2\/media\/1417"}],"wp:attachment":[{"href":"https:\/\/lfm.it\/eng\/wp-json\/wp\/v2\/media?parent=400"}],"wp:term":[{"taxonomy":"product_brand","embeddable":true,"href":"https:\/\/lfm.it\/eng\/wp-json\/wp\/v2\/product_brand?post=400"},{"taxonomy":"product_cat","embeddable":true,"href":"https:\/\/lfm.it\/eng\/wp-json\/wp\/v2\/product_cat?post=400"},{"taxonomy":"product_tag","embeddable":true,"href":"https:\/\/lfm.it\/eng\/wp-json\/wp\/v2\/product_tag?post=400"}],"curies":[{"name":"wp","href":"https:\/\/api.w.org\/{rel}","templated":true}]}}