{"id":386,"date":"2021-08-13T15:29:14","date_gmt":"2021-08-13T15:29:14","guid":{"rendered":"https:\/\/lfmtest.red-apple.it\/?post_type=product&#038;p=386"},"modified":"2025-03-28T09:31:09","modified_gmt":"2025-03-28T09:31:09","slug":"epilen","status":"publish","type":"product","link":"https:\/\/lfm.it\/eng\/product\/epilen\/","title":{"rendered":"Epilen"},"content":{"rendered":"<p>[et_pb_section fb_built=&#8221;1&#8243; _builder_version=&#8221;4.25.1&#8243; custom_padding=&#8221;0px||0px||false|false&#8221; collapsed=&#8221;off&#8221; global_colors_info=&#8221;{}&#8221;][et_pb_row column_structure=&#8221;1_5,1_5,3_5&#8243; module_class=&#8221;product-content-row&#8221; _builder_version=&#8221;4.25.1&#8243; background_size=&#8221;initial&#8221; background_position=&#8221;top_left&#8221; background_repeat=&#8221;repeat&#8221; width=&#8221;100%&#8221; custom_padding=&#8221;0px||||false|false&#8221; global_colors_info=&#8221;{}&#8221;][et_pb_column type=&#8221;1_5&#8243; _builder_version=&#8221;4.16&#8243; custom_padding=&#8221;|||&#8221; global_colors_info=&#8221;{}&#8221; custom_padding__hover=&#8221;|||&#8221;][et_pb_text disabled_on=&#8221;off|off|off&#8221; admin_label=&#8221;Testo&#8221; module_class=&#8221;sidebar-column&#8221; _builder_version=&#8221;4.25.1&#8243; _module_preset=&#8221;default&#8221; global_colors_info=&#8221;{}&#8221;]<\/p>\n<div class=\"categories-menu\"><ul><li><span class=\"collapsible \">Farmaceutici<\/span><div class=\"collapsible-content\" ><div class=\"categories-menu\"><ul><li><span class=\"collapsible \">Farmaceutici<\/span><div class=\"collapsible-content\" ><\/div><\/li><li><span class=\"collapsible \">Farmaci C.P.P.<\/span><div class=\"collapsible-content\" ><\/div><\/li><\/ul><\/div><\/div><\/li><li><span class=\"collapsible highlight\">Cosmeceutici<\/span><div class=\"collapsible-content expanded\" style=\"display: block\"><div class=\"categories-menu\"><ul><li><span class=\"collapsible highlight\">Ginecologici<\/span><div class=\"collapsible-content expanded\" style=\"display: block\"><ul><li class='product ' style='list-style:none'><a href='https:\/\/lfm.it\/eng\/product\/intimoil\/'>Intimoil<\/a><\/li><li class='product ' style='list-style:none'><a href='https:\/\/lfm.it\/eng\/product\/serena-lipogel\/'>Serena Lipogel<\/a><\/li><li class='product active' style='list-style:none'><a href='https:\/\/lfm.it\/eng\/product\/epilen\/'>Epilen<\/a><\/li><li class='product ' style='list-style:none'><a href='https:\/\/lfm.it\/eng\/product\/intimoil-tt\/'>Intimoil TT<\/a><\/li><li class='product ' style='list-style:none'><a href='https:\/\/lfm.it\/eng\/product\/intimoil-lipogel-tt\/'>Intimoil Lipogel TT<\/a><\/li><\/ul><\/div><\/li><li><span class=\"collapsible highlight\">Dermatologici<\/span><div class=\"collapsible-content expanded\" style=\"display: block\"><ul><li class='product active' style='list-style:none'><a href='https:\/\/lfm.it\/eng\/product\/epilen\/'>Epilen<\/a><\/li><li class='product ' style='list-style:none'><a href='https:\/\/lfm.it\/eng\/product\/intimoil-tt\/'>Intimoil TT<\/a><\/li><li class='product ' style='list-style:none'><a href='https:\/\/lfm.it\/eng\/product\/intimoil-lipogel-tt\/'>Intimoil Lipogel TT<\/a><\/li><li class='product ' style='list-style:none'><a href='https:\/\/lfm.it\/eng\/product\/crimak-lenitivo\/'>Crimak Rose-IR<\/a><\/li><li class='product ' style='list-style:none'><a href='https:\/\/lfm.it\/eng\/product\/base-lavante-273\/'>Base lavante 273<\/a><\/li><li class='product ' style='list-style:none'><a href='https:\/\/lfm.it\/eng\/product\/k5-lipogel-2\/'>K5 Lipogel<\/a><\/li><li class='product ' style='list-style:none'><a href='https:\/\/lfm.it\/eng\/product\/epiactiv\/'>Epiactiv<\/a><\/li><li class='product ' style='list-style:none'><a href='https:\/\/lfm.it\/eng\/product\/kaloidon-gel\/'>Kaloidon Gel<\/a><\/li><li class='product ' style='list-style:none'><a href='https:\/\/lfm.it\/eng\/product\/kaloidon-tio2\/'>Kaloidon TiO2<\/a><\/li><\/ul><\/div><\/li><\/ul><\/div><\/div><\/li><li><span class=\"collapsible \">Medical device<\/span><div class=\"collapsible-content\" ><ul><li class='product ' style='list-style:none'><a href='https:\/\/lfm.it\/eng\/product\/serena-ovuli-vaginali-2\/'>Serena ovuli vaginali<\/a><\/li><li class='product ' style='list-style:none'><a href='https:\/\/lfm.it\/eng\/product\/kaloidon-patch\/'>Kaloidon patch<\/a><\/li><\/ul><\/div><\/li><li><span class=\"collapsible \">Integratori alimentari<\/span><div class=\"collapsible-content\" ><ul><li class='product ' style='list-style:none'><a href='https:\/\/lfm.it\/eng\/product\/serena-ha\/'>Serena HA+<\/a><\/li><li class='product ' style='list-style:none'><a href='https:\/\/lfm.it\/eng\/product\/timoglican-orogranulo-2\/'>Timoglican &#8211; Capelli e Unghie<\/a><\/li><\/ul><\/div><\/li><\/ul><\/div>\n    <style>\n        .categories-menu ul li::marker {\n            color: #8AB4CF !important;\n        }\n        .collapsible {\n            cursor: pointer;\n            user-select: none;\n            border-bottom: 1px dashed #8AB4CF;\n            font-size: 15px;\n            font-weight: 600;\n            font-family: 'Lato', sans-serif;\n            padding-bottom: 15px;\n        }\n        .categories-menu ul li:not(.product) {\n            padding: 10px;\n        }\n        .collapsible-content .product {\n            margin-top: 20px !important;\n        }\n\n        .collapsible-content .product ~ .product {\n            margin-top: unset !important;\n        }\n        .highlight {\n            color: #8AB4CF !important;\n        }\n        .collapsible-content {\n            display: none;\n            margin-left: 20px;\n        }\n        .collapsible-content.expanded {\n            display: block;\n        }\n\n        .categories-menu ul li {\n            text-transform: uppercase;\n        }\n\n        .categories-menu ul li.active a {\n            color: #8AB4CF !important;\n        }\n\n        .product {\n            list-style: none !important;\n            font-weight: 600 !important;\n        }\n\n    <\/style>\n\n    <script>\n        document.addEventListener('DOMContentLoaded', function() {\n            var coll = document.getElementsByClassName('collapsible');\n            for (var i = 0; i < coll.length; i++) {\n                coll[i].addEventListener('click', function() {\n                    this.classList.toggle('active');\n                    var content = this.nextElementSibling;\n                    if (content.style.display === 'block') {\n                        content.style.display = 'none';\n                    } else {\n                        content.style.display = 'block';\n                    }\n                });\n            }\n        });\n    <\/script>\n\n    \n<p>[\/et_pb_text][\/et_pb_column][et_pb_column type=&#8221;1_5&#8243; _builder_version=&#8221;4.16&#8243; custom_padding=&#8221;|||&#8221; global_colors_info=&#8221;{}&#8221; custom_padding__hover=&#8221;|||&#8221;][et_pb_wc_images module_class=&#8221;gallery-column&#8221; _builder_version=&#8221;4.25.1&#8243; global_colors_info=&#8221;{}&#8221;][\/et_pb_wc_images][\/et_pb_column][et_pb_column type=&#8221;3_5&#8243; _builder_version=&#8221;4.25.1&#8243; _module_preset=&#8221;default&#8221; global_colors_info=&#8221;{}&#8221;][et_pb_text admin_label=&#8221;Testo&#8221; _builder_version=&#8221;4.25.1&#8243; _module_preset=&#8221;default&#8221; global_colors_info=&#8221;{}&#8221;]\n    <style>\n        .meta-collapsible {\n            margin: 10px 0;\n            border-bottom: 1px dashed #8AB4CF;\n            padding-bottom: 10px;\n        }\n\n        .meta-collapsible-header {\n            padding: 10px;\n            cursor: pointer;\n            display: flex;\n            justify-content: space-between;\n            align-items: center;\n        }\n \n        .meta-collapsible-content {\n            display: none;\n            padding: 10px;\n        }\n\n        .meta-chevron {\n            transition: transform 0.3s;\n        }\n\n        .meta-chevron.rotate {\n            transform: rotate(180deg);\n        }\n    <\/style>\n\n    <span class=\"terms-breadcrumb\"><a href=\"https:\/\/lfm.it\/eng\/product-category\/cosmeceutici\/\">Cosmeceutici<\/a> \/ <a href=\"https:\/\/lfm.it\/eng\/product-category\/cosmeceutici\/ginecologici\/\">Ginecologici<\/a> \/ <a href=\"https:\/\/lfm.it\/eng\/product-category\/cosmeceutici\/dermatologici\/\">Dermatologici<\/a><\/span>\n    <div class=\"product-header\">\n        <div class=\"product-info\">\n            <h1 class=\"product-title\">Epilen<\/h1>\n            <div class=\"product-format\">\n                <img decoding=\"async\" class=\"product-format-icon\" src=\"https:\/\/lfm.it\/wp-content\/uploads\/2021\/08\/tubetto.svg\" alt=\"Tubo - 100 ml\">\n                <div class=\"product-format-text\">Tubo - 100 ml<\/div>\n            <\/div>\n        <\/div>\n        <div class=\"product-stickers\">\n                            <div class=\"sticker-container\">\n                    <img decoding=\"async\" src=\"https:\/\/lfm.it\/wp-content\/uploads\/2021\/08\/Group-88.png\" alt=\"Nickel <0,0001%\">\n                    <span>Nickel <0,0001%<\/span>\n                <\/div>\n                            <div class=\"sticker-container\">\n                    <img decoding=\"async\" src=\"https:\/\/lfm.it\/wp-content\/uploads\/2021\/08\/Group-96.png\" alt=\"Clinicamente testato\">\n                    <span>Clinicamente testato<\/span>\n                <\/div>\n                    <\/div>\n    <\/div>\n    <div class=\"product-short-description\">\n        <p class=\"p1\">Epilen \u00e8 una crema ad azione lenitiva, utile in caso di irritazione cutanea o delle mucose esterne dell'area vulvo vaginale, spesso accompagnata da arrossamento e da prurito. L'Irritazione cutanea pu\u00f2 essere dovuta a fattori aggressivi esterni, di natura chimica, fisica o meccanica.<\/p><\/p>\n    <\/div>\n        <div class=\"meta-collapsible\">\n        <div class=\"meta-collapsible-header\">\n            <span class=\"product-collapsible-title\">Componenti<\/span>\n            <span class=\"meta-chevron\">&#x25BC;<\/span>\n        <\/div>\n        <div class=\"meta-collapsible-content\">\n            <p><ul>\n<li>\n<p class=\"p1\"><strong>AQUAXYL<\/strong>: Derivato vegetale dello zucchero, svolge un leggero effetto filmente che favorisce l&#8217;idratazione<\/p>\n<\/li>\n<\/ul>\n<ul>\n<li>\n<p class=\"p1\"><strong>SEPICALM<\/strong>: Complesso brevettato, risultante dalla combinazione di estratto di Ninfea e Palmitoil prolina. Caratterizzato da un&#8217;azione anti-prurito, aiuta a ridurre rossori e irritazioni, migliora la resistenza di cute e mucose agli agenti irritanti.<\/p>\n<\/li>\n<\/ul>\n<ul>\n<li>\n<p class=\"p1\"><strong>ACIDO IALURONICO<\/strong>: fortemente idratante<\/p>\n<\/li>\n<\/ul>\n<ul>\n<li>\n<p class=\"p1\"><strong>ALLANTOINA<\/strong>: riduce efficacemente arrossamento e prurito<\/p>\n<\/li>\n<\/ul>\n<ul>\n<li>\n<p class=\"p1\"><strong>ALOE VERA<\/strong>: lenitiva e idratante<\/p>\n<\/li>\n<\/ul>\n<ul>\n<li>\n<p class=\"p1\"><strong>BURRO DI KARIT\u00c8<\/strong>: emolliente e nutriente<\/p>\n<\/li>\n<\/ul>\n<ul>\n<li>\n<p class=\"p1\"><strong>OLIO DI MANDORLE DOLCI<\/strong>: nutriente ed emolliente<\/p>\n<\/li>\n<\/ul>\n<\/p>\n        <\/div>\n    <\/div>\n    <div class=\"applications-container\">\n                    <div class=\"application\">\n                <span class=\"application-icon\"><i class=\"fa-classic fa-solid fa-droplet\" aria-hidden=\"true\"><\/i><\/span>    \n                <span class=\"application-title\">Quantit\u00e0<\/span>\n                <p class=\"application-description\">La quantit\u00e0 necessaria per coprire con un sottile strato di crema tutta l'area irritata.<\/p>\n            <\/div>\n                    <div class=\"application\">\n                <span class=\"application-icon\"><i class=\"fa-classic fa-regular fa-clock\" aria-hidden=\"true\"><\/i><\/span>    \n                <span class=\"application-title\">Quando<\/span>\n                <p class=\"application-description\">Mattino e sera, fino ad un massimo di 4 volte al giorno<\/p>\n            <\/div>\n                    <div class=\"application\">\n                <span class=\"application-icon\"><i class=\"fa-classic fa-solid fa-bullseye\" aria-hidden=\"true\"><\/i><\/span>    \n                <span class=\"application-title\">Dove<\/span>\n                <p class=\"application-description\">Area intima o cute irritata<\/p>\n            <\/div>\n                    <div class=\"application\">\n                <span class=\"application-icon\"><i class=\"fa-classic fa-solid fa-hand-holding-droplet\" aria-hidden=\"true\"><\/i><\/span>    \n                <span class=\"application-title\">Applicazione consigliata<\/span>\n                <p class=\"application-description\">Applicare al bisogno sulle zone da trattare, dalle 2 alle 4 volte al giorno<\/p>\n            <\/div>\n            <\/div>\n        \n    [\/et_pb_text][\/et_pb_column][\/et_pb_row][et_pb_row module_class=&#8221;product-undercontent-row&#8221; _builder_version=&#8221;4.25.1&#8243; background_size=&#8221;initial&#8221; background_position=&#8221;top_left&#8221; background_repeat=&#8221;repeat&#8221; width=&#8221;100%&#8221; global_colors_info=&#8221;{}&#8221;][et_pb_column type=&#8221;4_4&#8243; _builder_version=&#8221;4.16&#8243; custom_padding=&#8221;|||&#8221; global_colors_info=&#8221;{}&#8221; custom_padding__hover=&#8221;|||&#8221;][et_pb_text _builder_version=&#8221;4.25.1&#8243; _module_preset=&#8221;default&#8221; global_colors_info=&#8221;{}&#8221;]\n    <div id=\"product-tabs\">\n        <div class=\"tabs-navigation\">\n            <ul>\n                <li class=\"active\"><a data-panel=\"product-tab-1\" class=\"tab-title\">Info prodotto <\/a><\/li>\n                                    <li><a data-panel=\"product-tab-2\" class=\"tab-title\">Utile per<\/a><\/li>\n                                    <li><a data-panel=\"product-tab-3\" class=\"tab-title\">Bibliografia<\/a><\/li>\n                            <\/ul>\n        <\/div>\n        <div class=\"tabs-content\">\n            <div class=\"product-tab active\" id=\"product-tab-1\">\n                <p class=\"p1\">Epilen \u00e8 formulato con componenti che svolgono un'azione lenitiva, ideale sia per l'applicazione su mucose intime sia per la cute irritata. Grazie alla sua propriet\u00e0 filmogena e protettiva, Epilen crea una barriera delicata, favorendo il comfort e la protezione di pelle e mucose sensibili. Le sue caratteristiche di elevata tollerabilit\u00e0 lo rendono adatto anche per l\u2019uso quotidiano su pelli delicate, offrendo un supporto efficace per il benessere delle aree intime.<\/p>            <\/div>\n                            <div class=\"product-tab\" id=\"product-tab-2\">\n                    <ul>\n<li class=\"p1\">Irritazioni e arrossamenti cutanei e\/o vulvari<\/li>\n<li class=\"p1\">Lichen in fase infiammatoria<\/li>\n<li class=\"p1\">Coadiuvante nel trattamento di DIC e DAC<\/li>\n<li class=\"p1\">Post epilazione\/depilazione<\/li>\n<\/ul>\n                <\/div>\n                            <div class=\"product-tab\" id=\"product-tab-3\">\n                    <ul>\n<li aria-level=\"1\">Fluhr, J. W., Tfayli, A., Darlenski, R., Darvin, M. E., Joly-Tonetti, N., &amp; Lachmann, N. (2022). Glycerol and natural sugar-derived complex modulate differentially stratum corneum water-binding properties and structural parameters in an in vitro Raman-desorption model. <i>Journal of Biophotonics, 16<\/i>(1), e202200201.<\/li>\n<li aria-level=\"1\">Saucedo-Acu\u00f1a RA, Meza-Valle KZ, Cuevas-Gonz\u00e1lez JC, Ordo\u00f1ez-Casanova EG, Castellanos-Garc\u00eda MI, Zaragoza-Contreras EA, Tamayo-P\u00e9rez GF. Characterization and In Vivo Assay of Allantoin-Enriched Pectin Hydrogel for the Treatment of Skin Wounds. Int J Mol Sci. 2023 Apr 17;24(8):7377. doi: 10.3390\/ijms24087377. PMID: 37108540; PMCID: PMC10138972.<\/li>\n<li aria-level=\"1\">Richardson, J., Smith, J. E., McIntyre, M., Thomas, R., &amp; Pilkington, K. (2005). Aloe vera for preventing radiation-induced skin reactions: A systematic review. <i>Clinical Oncology, 17<\/i>(6), 478\u2013484.<\/li>\n<li aria-level=\"1\">Surjushe, A., Vasani, R., &amp; Saple, D. G. (2008). Aloe vera: A short review. <i>Indian Journal of Dermatology, 53<\/i>(4), 163\u2013166.<\/li>\n<li>Lin, T.-K., Zhong, L., &amp; Santiago, J. L. (2018). Anti-inflammatory and skin barrier repair effects of topical application of some plant oils. <i>International Journal of Molecular Sciences, 19<\/i>(1), 70.<\/li>\n<\/ul>\n                <\/div>\n                    <\/div>\n    <\/div>\n    <div class=\"product-downloads\">\n                    <a class=\"download-btn no-border-btn\" href=\"https:\/\/lfm.it\/wp-content\/uploads\/2025\/03\/EPILEN.pdf\" download><i class=\"fa-classic fa-solid fa-download\" aria-hidden=\"true\"><\/i>Scarica il foglietto illustrativo<\/a>\n            <\/div>\n    <script>\n\n        jQuery(document).ready(function($) {\n            $(\".tab-title\").click(function() {\n                var panel = $(this).data(\"panel\");\n                $(\"#\" + panel).addClass('active').siblings().removeClass('active');\n                $(this).closest('li').addClass('active').siblings().removeClass('active');\n            });\n        });\n\n    <\/script>\n    [\/et_pb_text][et_pb_wc_related_products show_price=&#8221;off&#8221; show_rating=&#8221;off&#8221; show_sale_badge=&#8221;off&#8221; _builder_version=&#8221;4.25.1&#8243; hover_enabled=&#8221;0&#8243; global_colors_info=&#8221;{}&#8221; sticky_enabled=&#8221;0&#8243;][\/et_pb_wc_related_products][\/et_pb_column][\/et_pb_row][\/et_pb_section]<\/p>\n","protected":false},"excerpt":{"rendered":"<p class=\"p1\">Epilen \u00e8 una crema ad azione lenitiva, utile in caso di irritazione cutanea o delle mucose esterne dell&#8217;area vulvo vaginale, spesso accompagnata da arrossamento e da prurito. L&#8217;Irritazione cutanea pu\u00f2 essere dovuta a fattori aggressivi esterni, di natura chimica, fisica o meccanica.<\/p>","protected":false},"featured_media":982,"comment_status":"open","ping_status":"closed","template":"","meta":{"_acf_changed":false,"_et_pb_use_builder":"on","_et_pb_old_content":"<p class=\"p1\">Epilen \u00e8 formulato con componenti che svolgono un'azione lenitiva, ideale sia per l'applicazione su mucose intime sia per la cute irritata. Grazie alla sua propriet\u00e0 filmogena e protettiva, Epilen crea una barriera delicata, favorendo il comfort e la protezione di pelle e mucose sensibili. Le sue caratteristiche di elevata tollerabilit\u00e0 lo rendono adatto anche per l\u2019uso quotidiano su pelli delicate, offrendo un supporto efficace per il benessere delle aree intime.<\/p>","_et_gb_content_width":"","_monsterinsights_skip_tracking":false,"_monsterinsights_sitenote_active":false,"_monsterinsights_sitenote_note":"","_monsterinsights_sitenote_category":0},"product_brand":[],"product_cat":[26,24,25],"product_tag":[],"class_list":{"0":"post-386","1":"product","2":"type-product","3":"status-publish","4":"has-post-thumbnail","6":"product_cat-ginecologici","7":"product_cat-cosmeceutici","8":"product_cat-dermatologici","10":"first","11":"instock","12":"shipping-taxable","13":"product-type-simple"},"acf":[],"_links":{"self":[{"href":"https:\/\/lfm.it\/eng\/wp-json\/wp\/v2\/product\/386","targetHints":{"allow":["GET"]}}],"collection":[{"href":"https:\/\/lfm.it\/eng\/wp-json\/wp\/v2\/product"}],"about":[{"href":"https:\/\/lfm.it\/eng\/wp-json\/wp\/v2\/types\/product"}],"replies":[{"embeddable":true,"href":"https:\/\/lfm.it\/eng\/wp-json\/wp\/v2\/comments?post=386"}],"wp:featuredmedia":[{"embeddable":true,"href":"https:\/\/lfm.it\/eng\/wp-json\/wp\/v2\/media\/982"}],"wp:attachment":[{"href":"https:\/\/lfm.it\/eng\/wp-json\/wp\/v2\/media?parent=386"}],"wp:term":[{"taxonomy":"product_brand","embeddable":true,"href":"https:\/\/lfm.it\/eng\/wp-json\/wp\/v2\/product_brand?post=386"},{"taxonomy":"product_cat","embeddable":true,"href":"https:\/\/lfm.it\/eng\/wp-json\/wp\/v2\/product_cat?post=386"},{"taxonomy":"product_tag","embeddable":true,"href":"https:\/\/lfm.it\/eng\/wp-json\/wp\/v2\/product_tag?post=386"}],"curies":[{"name":"wp","href":"https:\/\/api.w.org\/{rel}","templated":true}]}}