{"id":363,"date":"2021-08-07T16:46:51","date_gmt":"2021-08-07T16:46:51","guid":{"rendered":"https:\/\/lfmtest.red-apple.it\/?post_type=product&#038;p=363"},"modified":"2025-04-07T16:05:03","modified_gmt":"2025-04-07T16:05:03","slug":"intimoil","status":"publish","type":"product","link":"https:\/\/lfm.it\/eng\/product\/intimoil\/","title":{"rendered":"Intimoil"},"content":{"rendered":"<p>[et_pb_section fb_built=&#8221;1&#8243; _builder_version=&#8221;4.25.1&#8243; custom_padding=&#8221;0px||0px||false|false&#8221; collapsed=&#8221;off&#8221; global_colors_info=&#8221;{}&#8221;][et_pb_row column_structure=&#8221;1_5,1_5,3_5&#8243; module_class=&#8221;product-content-row&#8221; _builder_version=&#8221;4.25.1&#8243; background_size=&#8221;initial&#8221; background_position=&#8221;top_left&#8221; background_repeat=&#8221;repeat&#8221; width=&#8221;100%&#8221; custom_padding=&#8221;0px||||false|false&#8221; global_colors_info=&#8221;{}&#8221;][et_pb_column type=&#8221;1_5&#8243; _builder_version=&#8221;4.16&#8243; custom_padding=&#8221;|||&#8221; global_colors_info=&#8221;{}&#8221; custom_padding__hover=&#8221;|||&#8221;][et_pb_text disabled_on=&#8221;off|off|off&#8221; admin_label=&#8221;Testo&#8221; module_class=&#8221;sidebar-column&#8221; _builder_version=&#8221;4.25.1&#8243; _module_preset=&#8221;default&#8221; global_colors_info=&#8221;{}&#8221;]<\/p>\n<div class=\"categories-menu\"><ul><li><span class=\"collapsible \">Farmaceutici<\/span><div class=\"collapsible-content\" ><div class=\"categories-menu\"><ul><li><span class=\"collapsible \">Farmaceutici<\/span><div class=\"collapsible-content\" ><\/div><\/li><li><span class=\"collapsible \">Farmaci C.P.P.<\/span><div class=\"collapsible-content\" ><\/div><\/li><\/ul><\/div><\/div><\/li><li><span class=\"collapsible highlight\">Cosmeceutici<\/span><div class=\"collapsible-content expanded\" style=\"display: block\"><div class=\"categories-menu\"><ul><li><span class=\"collapsible highlight\">Ginecologici<\/span><div class=\"collapsible-content expanded\" style=\"display: block\"><ul><li class='product active' style='list-style:none'><a href='https:\/\/lfm.it\/eng\/product\/intimoil\/'>Intimoil<\/a><\/li><li class='product ' style='list-style:none'><a href='https:\/\/lfm.it\/eng\/product\/serena-lipogel\/'>Serena Lipogel<\/a><\/li><li class='product ' style='list-style:none'><a href='https:\/\/lfm.it\/eng\/product\/epilen\/'>Epilen<\/a><\/li><li class='product ' style='list-style:none'><a href='https:\/\/lfm.it\/eng\/product\/intimoil-tt\/'>Intimoil TT<\/a><\/li><li class='product ' style='list-style:none'><a href='https:\/\/lfm.it\/eng\/product\/intimoil-lipogel-tt\/'>Intimoil Lipogel TT<\/a><\/li><\/ul><\/div><\/li><li><span class=\"collapsible \">Dermatologici<\/span><div class=\"collapsible-content\" ><ul><li class='product ' style='list-style:none'><a href='https:\/\/lfm.it\/eng\/product\/epilen\/'>Epilen<\/a><\/li><li class='product ' style='list-style:none'><a href='https:\/\/lfm.it\/eng\/product\/intimoil-tt\/'>Intimoil TT<\/a><\/li><li class='product ' style='list-style:none'><a href='https:\/\/lfm.it\/eng\/product\/intimoil-lipogel-tt\/'>Intimoil Lipogel TT<\/a><\/li><li class='product ' style='list-style:none'><a href='https:\/\/lfm.it\/eng\/product\/crimak-lenitivo\/'>Crimak Rose-IR<\/a><\/li><li class='product ' style='list-style:none'><a href='https:\/\/lfm.it\/eng\/product\/base-lavante-273\/'>Base lavante 273<\/a><\/li><li class='product ' style='list-style:none'><a href='https:\/\/lfm.it\/eng\/product\/k5-lipogel-2\/'>K5 Lipogel<\/a><\/li><li class='product ' style='list-style:none'><a href='https:\/\/lfm.it\/eng\/product\/epiactiv\/'>Epiactiv<\/a><\/li><li class='product ' style='list-style:none'><a href='https:\/\/lfm.it\/eng\/product\/kaloidon-gel\/'>Kaloidon Gel<\/a><\/li><li class='product ' style='list-style:none'><a href='https:\/\/lfm.it\/eng\/product\/kaloidon-tio2\/'>Kaloidon TiO2<\/a><\/li><\/ul><\/div><\/li><\/ul><\/div><\/div><\/li><li><span class=\"collapsible \">Medical device<\/span><div class=\"collapsible-content\" ><ul><li class='product ' style='list-style:none'><a href='https:\/\/lfm.it\/eng\/product\/serena-ovuli-vaginali-2\/'>Serena ovuli vaginali<\/a><\/li><li class='product ' style='list-style:none'><a href='https:\/\/lfm.it\/eng\/product\/kaloidon-patch\/'>Kaloidon patch<\/a><\/li><\/ul><\/div><\/li><li><span class=\"collapsible \">Integratori alimentari<\/span><div class=\"collapsible-content\" ><ul><li class='product ' style='list-style:none'><a href='https:\/\/lfm.it\/eng\/product\/serena-ha\/'>Serena HA+<\/a><\/li><li class='product ' style='list-style:none'><a href='https:\/\/lfm.it\/eng\/product\/timoglican-orogranulo-2\/'>Timoglican &#8211; Capelli e Unghie<\/a><\/li><\/ul><\/div><\/li><\/ul><\/div>\n    <style>\n        .categories-menu ul li::marker {\n            color: #8AB4CF !important;\n        }\n        .collapsible {\n            cursor: pointer;\n            user-select: none;\n            border-bottom: 1px dashed #8AB4CF;\n            font-size: 15px;\n            font-weight: 600;\n            font-family: 'Lato', sans-serif;\n            padding-bottom: 15px;\n        }\n        .categories-menu ul li:not(.product) {\n            padding: 10px;\n        }\n        .collapsible-content .product {\n            margin-top: 20px !important;\n        }\n\n        .collapsible-content .product ~ .product {\n            margin-top: unset !important;\n        }\n        .highlight {\n            color: #8AB4CF !important;\n        }\n        .collapsible-content {\n            display: none;\n            margin-left: 20px;\n        }\n        .collapsible-content.expanded {\n            display: block;\n        }\n\n        .categories-menu ul li {\n            text-transform: uppercase;\n        }\n\n        .categories-menu ul li.active a {\n            color: #8AB4CF !important;\n        }\n\n        .product {\n            list-style: none !important;\n            font-weight: 600 !important;\n        }\n\n    <\/style>\n\n    <script>\n        document.addEventListener('DOMContentLoaded', function() {\n            var coll = document.getElementsByClassName('collapsible');\n            for (var i = 0; i < coll.length; i++) {\n                coll[i].addEventListener('click', function() {\n                    this.classList.toggle('active');\n                    var content = this.nextElementSibling;\n                    if (content.style.display === 'block') {\n                        content.style.display = 'none';\n                    } else {\n                        content.style.display = 'block';\n                    }\n                });\n            }\n        });\n    <\/script>\n\n    \n<p>[\/et_pb_text][\/et_pb_column][et_pb_column type=&#8221;1_5&#8243; _builder_version=&#8221;4.16&#8243; custom_padding=&#8221;|||&#8221; global_colors_info=&#8221;{}&#8221; custom_padding__hover=&#8221;|||&#8221;][et_pb_wc_images module_class=&#8221;gallery-column&#8221; _builder_version=&#8221;4.25.1&#8243; global_colors_info=&#8221;{}&#8221;][\/et_pb_wc_images][\/et_pb_column][et_pb_column type=&#8221;3_5&#8243; _builder_version=&#8221;4.25.1&#8243; _module_preset=&#8221;default&#8221; global_colors_info=&#8221;{}&#8221;][et_pb_text admin_label=&#8221;Testo&#8221; _builder_version=&#8221;4.25.1&#8243; _module_preset=&#8221;default&#8221; global_colors_info=&#8221;{}&#8221;]\n    <style>\n        .meta-collapsible {\n            margin: 10px 0;\n            border-bottom: 1px dashed #8AB4CF;\n            padding-bottom: 10px;\n        }\n\n        .meta-collapsible-header {\n            padding: 10px;\n            cursor: pointer;\n            display: flex;\n            justify-content: space-between;\n            align-items: center;\n        }\n \n        .meta-collapsible-content {\n            display: none;\n            padding: 10px;\n        }\n\n        .meta-chevron {\n            transition: transform 0.3s;\n        }\n\n        .meta-chevron.rotate {\n            transform: rotate(180deg);\n        }\n    <\/style>\n\n    <span class=\"terms-breadcrumb\"><a href=\"https:\/\/lfm.it\/eng\/product-category\/cosmeceutici\/\">Cosmeceutici<\/a> \/ <a href=\"https:\/\/lfm.it\/eng\/product-category\/cosmeceutici\/ginecologici\/\">Ginecologici<\/a><\/span>\n    <div class=\"product-header\">\n        <div class=\"product-info\">\n            <h1 class=\"product-title\">Intimoil<\/h1>\n            <div class=\"product-format\">\n                <img decoding=\"async\" class=\"product-format-icon\" src=\"https:\/\/lfm.it\/wp-content\/uploads\/2023\/10\/flacone.png\" alt=\"Flacone - 200 ml\">\n                <div class=\"product-format-text\">Flacone - 200 ml<\/div>\n            <\/div>\n        <\/div>\n        <div class=\"product-stickers\">\n                            <div class=\"sticker-container\">\n                    <img decoding=\"async\" src=\"\" alt=\"\">\n                    <span><\/span>\n                <\/div>\n                    <\/div>\n    <\/div>\n    <div class=\"product-short-description\">\n        Intimoil \u00e8 l\u2019olio detergente specificamente formulato per l'igiene intima quotidiana, ideale anche in caso di secchezza e sensibilit\u00e0 dei genitali esterni. Grazie alla sua formula a base oleosa, dermocompatibile e sebosimile, Intimoil deterge per affinit\u00e0 la zona intima senza alterare il naturale film idrolipidico e rispettando il pH fisiologico. Perfetto per chi cerca una detersione intima delicata, Intimoil svolge un'azione protettiva e lenitiva, aiutando a ridurre lievi irritazioni, fastidi e sensazioni di prurito.<\/p>\n    <\/div>\n        <div class=\"meta-collapsible\">\n        <div class=\"meta-collapsible-header\">\n            <span class=\"product-collapsible-title\">Componenti<\/span>\n            <span class=\"meta-chevron\">&#x25BC;<\/span>\n        <\/div>\n        <div class=\"meta-collapsible-content\">\n            <p><ul>\n<li><strong>MISCELA DI POLITRIGLICERIDI:<\/strong> a composizione sebosimile e altamente dermocompatibile, svolge un effetto emolliente e deterge per affinit\u00e0<\/li>\n<\/ul>\n<ul>\n<li><strong>ACIDO LATTICO:<\/strong> aiuta a preservare il pH fisiologico della zona genitale e favorisce un ambiente intimo equilibrato<\/li>\n<\/ul>\n<\/p>\n        <\/div>\n    <\/div>\n    <div class=\"applications-container\">\n                    <div class=\"application\">\n                <span class=\"application-icon\"><i class=\"fa-classic fa-solid fa-droplet\" aria-hidden=\"true\"><\/i><\/span>    \n                <span class=\"application-title\">Quantit\u00e0<\/span>\n                <p class=\"application-description\">Poche gocce di prodotto<\/p>\n            <\/div>\n                    <div class=\"application\">\n                <span class=\"application-icon\"><i class=\"fa-classic fa-regular fa-clock\" aria-hidden=\"true\"><\/i><\/span>    \n                <span class=\"application-title\">Quando<\/span>\n                <p class=\"application-description\">Per la detersione quotidiana 1 o 2 volte al giorno<\/p>\n            <\/div>\n                    <div class=\"application\">\n                <span class=\"application-icon\"><i class=\"fa-classic fa-solid fa-bullseye\" aria-hidden=\"true\"><\/i><\/span>    \n                <span class=\"application-title\">Dove<\/span>\n                <p class=\"application-description\">Area intima<\/p>\n            <\/div>\n                    <div class=\"application\">\n                <span class=\"application-icon\"><i class=\"fa-classic fa-solid fa-hand-holding-droplet\" aria-hidden=\"true\"><\/i><\/span>    \n                <span class=\"application-title\">Applicazione consigliata<\/span>\n                <p class=\"application-description\">Utilizzare per la detersione quotidiana, soprattutto in caso di secchezza e\/o irritazione dell'area intima.<\/p>\n            <\/div>\n            <\/div>\n        \n    [\/et_pb_text][\/et_pb_column][\/et_pb_row][et_pb_row module_class=&#8221;product-undercontent-row&#8221; _builder_version=&#8221;4.25.1&#8243; background_size=&#8221;initial&#8221; background_position=&#8221;top_left&#8221; background_repeat=&#8221;repeat&#8221; width=&#8221;100%&#8221; global_colors_info=&#8221;{}&#8221;][et_pb_column type=&#8221;4_4&#8243; _builder_version=&#8221;4.16&#8243; custom_padding=&#8221;|||&#8221; global_colors_info=&#8221;{}&#8221; custom_padding__hover=&#8221;|||&#8221;][et_pb_text _builder_version=&#8221;4.25.1&#8243; _module_preset=&#8221;default&#8221; global_colors_info=&#8221;{}&#8221;]\n    <div id=\"product-tabs\">\n        <div class=\"tabs-navigation\">\n            <ul>\n                <li class=\"active\"><a data-panel=\"product-tab-1\" class=\"tab-title\">Info prodotto <\/a><\/li>\n                                    <li><a data-panel=\"product-tab-2\" class=\"tab-title\">Utile per<\/a><\/li>\n                                    <li><a data-panel=\"product-tab-3\" class=\"tab-title\">Senza<\/a><\/li>\n                            <\/ul>\n        <\/div>\n        <div class=\"tabs-content\">\n            <div class=\"product-tab active\" id=\"product-tab-1\">\n                Intimoil \u00e8 un detergente intimo oleoso che deterge per affinit\u00e0. La sua formulazione non contiene acqua e pertanto non si pu\u00f2 misurarne il pH, n\u00e8 pu\u00f2 alterare il pH dell'area intima. La base oleosa sebosimile e altamente dermocompatibile di Intimoil lo rende il prodotto ideale per chi cerca una detersione delicata e non schiumogena. Intimoil \u00e8 particolarmente indicato per alleviare secchezza, irritazione, prurito e bruciore, donando comfort e protezione.            <\/div>\n                            <div class=\"product-tab\" id=\"product-tab-2\">\n                    <ul>\n<li>SECCHEZZA: in menopausa o a qualsiasi et\u00e0 derivante da squlibri ormonali (uso di pillola, terpie farmacologiche)<\/li>\n<li>FASTIDI INTIMI, quali IRRITAZIONE, PRURITO e\u00a0 BRUCIORE: da utilizzo di detergenti troppo aggressivi, deodoranti intimi, o meccanica da indumenti sintetici e troppo stretti.<\/li>\n<li>PATOLOGIA VULVARE: ad esempio in presenza di Lichen<\/li>\n<\/ul>\n                <\/div>\n                            <div class=\"product-tab\" id=\"product-tab-3\">\n                    <ul>\n<li>Senza tensioattivi aggressivi<\/li>\n<li>Senza acqua<\/li>\n<\/ul>\n                <\/div>\n                    <\/div>\n    <\/div>\n    <div class=\"product-downloads\">\n                    <a class=\"download-btn no-border-btn\" href=\"https:\/\/lfm.it\/wp-content\/uploads\/2025\/03\/INTIMOIL.pdf\" download><i class=\"fa-classic fa-solid fa-download\" aria-hidden=\"true\"><\/i>Scarica il foglietto illustrativo<\/a>\n            <\/div>\n    <script>\n\n        jQuery(document).ready(function($) {\n            $(\".tab-title\").click(function() {\n                var panel = $(this).data(\"panel\");\n                $(\"#\" + panel).addClass('active').siblings().removeClass('active');\n                $(this).closest('li').addClass('active').siblings().removeClass('active');\n            });\n        });\n\n    <\/script>\n    [\/et_pb_text][et_pb_wc_related_products show_price=&#8221;off&#8221; show_rating=&#8221;off&#8221; show_sale_badge=&#8221;off&#8221; _builder_version=&#8221;4.25.1&#8243; global_colors_info=&#8221;{}&#8221;][\/et_pb_wc_related_products][\/et_pb_column][\/et_pb_row][\/et_pb_section]<\/p>\n","protected":false},"excerpt":{"rendered":"<p>Intimoil \u00e8 l\u2019olio detergente specificamente formulato per l&#8217;igiene intima quotidiana, ideale anche in caso di secchezza e sensibilit\u00e0 dei genitali esterni. Grazie alla sua formula a base oleosa, dermocompatibile e sebosimile, Intimoil deterge per affinit\u00e0 la zona intima senza alterare il naturale film idrolipidico e rispettando il pH fisiologico. Perfetto per chi cerca una detersione intima delicata, Intimoil svolge un&#8217;azione protettiva e lenitiva, aiutando a ridurre lievi irritazioni, fastidi e sensazioni di prurito.<\/p>","protected":false},"featured_media":1453,"comment_status":"open","ping_status":"closed","template":"","meta":{"_acf_changed":false,"_et_pb_use_builder":"on","_et_pb_old_content":"Intimoil \u00e8 un detergente intimo oleoso che deterge per affinit\u00e0. La sua formulazione non contiene acqua e pertanto non si pu\u00f2 misurarne il pH, n\u00e8 pu\u00f2 alterare il pH dell'area intima. La base oleosa sebosimile e altamente dermocompatibile di Intimoil lo rende il prodotto ideale per chi cerca una detersione delicata e non schiumogena. Intimoil \u00e8 particolarmente indicato per alleviare secchezza, irritazione, prurito e bruciore, donando comfort e protezione.","_et_gb_content_width":"","_monsterinsights_skip_tracking":false,"_monsterinsights_sitenote_active":false,"_monsterinsights_sitenote_note":"","_monsterinsights_sitenote_category":0},"product_brand":[],"product_cat":[26,24],"product_tag":[],"class_list":{"0":"post-363","1":"product","2":"type-product","3":"status-publish","4":"has-post-thumbnail","6":"product_cat-ginecologici","7":"product_cat-cosmeceutici","9":"first","10":"instock","11":"shipping-taxable","12":"product-type-simple"},"acf":[],"_links":{"self":[{"href":"https:\/\/lfm.it\/eng\/wp-json\/wp\/v2\/product\/363","targetHints":{"allow":["GET"]}}],"collection":[{"href":"https:\/\/lfm.it\/eng\/wp-json\/wp\/v2\/product"}],"about":[{"href":"https:\/\/lfm.it\/eng\/wp-json\/wp\/v2\/types\/product"}],"replies":[{"embeddable":true,"href":"https:\/\/lfm.it\/eng\/wp-json\/wp\/v2\/comments?post=363"}],"wp:featuredmedia":[{"embeddable":true,"href":"https:\/\/lfm.it\/eng\/wp-json\/wp\/v2\/media\/1453"}],"wp:attachment":[{"href":"https:\/\/lfm.it\/eng\/wp-json\/wp\/v2\/media?parent=363"}],"wp:term":[{"taxonomy":"product_brand","embeddable":true,"href":"https:\/\/lfm.it\/eng\/wp-json\/wp\/v2\/product_brand?post=363"},{"taxonomy":"product_cat","embeddable":true,"href":"https:\/\/lfm.it\/eng\/wp-json\/wp\/v2\/product_cat?post=363"},{"taxonomy":"product_tag","embeddable":true,"href":"https:\/\/lfm.it\/eng\/wp-json\/wp\/v2\/product_tag?post=363"}],"curies":[{"name":"wp","href":"https:\/\/api.w.org\/{rel}","templated":true}]}}