{"id":262,"date":"2021-08-06T11:26:35","date_gmt":"2021-08-06T11:26:35","guid":{"rendered":"https:\/\/lfmtest.red-apple.it?page_id=262"},"modified":"2026-03-05T15:25:55","modified_gmt":"2026-03-05T15:25:55","slug":"lfm","status":"publish","type":"page","link":"https:\/\/lfm.it\/eng\/","title":{"rendered":"Laboratorio Farmacologico Milanese"},"content":{"rendered":"<p>[et_pb_section fb_built=&#8221;1&#8243; _builder_version=&#8221;4.16&#8243; _module_preset=&#8221;default&#8221; custom_padding=&#8221;0px||0px||true|false&#8221; global_colors_info=&#8221;{}&#8221;][et_pb_row _builder_version=&#8221;4.16&#8243; _module_preset=&#8221;default&#8221; width=&#8221;100%&#8221; max_width=&#8221;100%&#8221; custom_padding=&#8221;0px||0px||true|false&#8221; global_colors_info=&#8221;{}&#8221;][et_pb_column type=&#8221;4_4&#8243; _builder_version=&#8221;4.16&#8243; _module_preset=&#8221;default&#8221; global_colors_info=&#8221;{}&#8221;][et_pb_slider show_pagination=&#8221;off&#8221; arrows_custom_color=&#8221;#005882&#8243; dot_nav_custom_color=&#8221;#005882&#8243; _builder_version=&#8221;4.16&#8243; _module_preset=&#8221;default&#8221; header_font=&#8221;Lato|700|||||||&#8221; header_text_align=&#8221;left&#8221; header_text_color=&#8221;#005882&#8243; header_font_size=&#8221;55px&#8221; body_font=&#8221;Lato||||||||&#8221; body_text_align=&#8221;left&#8221; body_text_color=&#8221;#005882&#8243; body_font_size=&#8221;24px&#8221; height_last_edited=&#8221;off|tablet&#8221; max_height_last_edited=&#8221;off|tablet&#8221; custom_padding=&#8221;115px||||false|false&#8221; auto=&#8221;on&#8221; header_font_size_tablet=&#8221;48px&#8221; header_font_size_phone=&#8221;32px&#8221; header_font_size_last_edited=&#8221;on|phone&#8221; body_font_size_tablet=&#8221;&#8221; body_font_size_phone=&#8221;18px&#8221; body_font_size_last_edited=&#8221;on|tablet&#8221; global_colors_info=&#8221;{}&#8221;][et_pb_slide heading=&#8221;Laboratorio Farmacologico Milanese&#8221; _builder_version=&#8221;4.16&#8243; _module_preset=&#8221;default&#8221; background_enable_color=&#8221;off&#8221; background_image=&#8221;https:\/\/lfm.it\/wp-content\/uploads\/2021\/08\/lfm1.jpg&#8221; background_enable_image=&#8221;on&#8221; custom_padding=&#8221;||||false|false&#8221; background_last_edited=&#8221;off|desktop&#8221; background_size_tablet=&#8221;cover&#8221; global_colors_info=&#8221;{}&#8221; sticky_transition=&#8221;on&#8221;]<\/p>\n<p>Una moderna ed articolata realt\u00e0 nel mondo farmaceutico.<\/p>\n<p>[\/et_pb_slide][et_pb_slide heading=&#8221;Laboratorio Farmacologico Milanese&#8221; _builder_version=&#8221;4.16&#8243; _module_preset=&#8221;default&#8221; background_enable_color=&#8221;off&#8221; background_image=&#8221;https:\/\/lfm.it\/wp-content\/uploads\/2021\/08\/lfm2.jpg&#8221; background_enable_image=&#8221;on&#8221; custom_padding=&#8221;||||false|false&#8221; background_last_edited=&#8221;off|desktop&#8221; background_size_tablet=&#8221;cover&#8221; global_colors_info=&#8221;{}&#8221; sticky_transition=&#8221;on&#8221;]<\/p>\n<p>Una moderna ed articolata realt\u00e0 nel mondo farmaceutico.<\/p>\n<p>[\/et_pb_slide][\/et_pb_slider][\/et_pb_column][\/et_pb_row][\/et_pb_section][et_pb_section fb_built=&#8221;1&#8243; _builder_version=&#8221;4.16&#8243; _module_preset=&#8221;default&#8221; background_color=&#8221;#FFFFFF&#8221; custom_padding=&#8221;7%||7%||true|false&#8221; top_divider_color=&#8221;#ffffff&#8221; top_divider_style_phone=&#8221;none&#8221; top_divider_style_last_edited=&#8221;off|desktop&#8221; global_colors_info=&#8221;{}&#8221;][et_pb_row _builder_version=&#8221;4.16&#8243; _module_preset=&#8221;default&#8221; width=&#8221;85%&#8221; max_width=&#8221;85%&#8221; global_colors_info=&#8221;{}&#8221;][et_pb_column type=&#8221;4_4&#8243; _builder_version=&#8221;4.16&#8243; _module_preset=&#8221;default&#8221; global_colors_info=&#8221;{}&#8221;][et_pb_text _builder_version=&#8221;4.16&#8243; _module_preset=&#8221;default&#8221; text_font=&#8221;Lato||||||||&#8221; text_text_color=&#8221;#ffffff&#8221; text_font_size=&#8221;20px&#8221; header_font=&#8221;Lato|700|||||||&#8221; header_text_color=&#8221;#ffffff&#8221; header_font_size=&#8221;45px&#8221; header_2_font=&#8221;Lato|700|||||||&#8221; header_2_text_color=&#8221;#005882&#8243; header_2_font_size=&#8221;33px&#8221; header_text_shadow_style=&#8221;preset3&#8243; header_text_shadow_color=&#8221;rgba(0,88,130,0.68)&#8221; global_colors_info=&#8221;{}&#8221;]<\/p>\n<h2>Laboratorio Farmacologico Milanese<\/h2>\n<p>[\/et_pb_text][\/et_pb_column][\/et_pb_row][et_pb_row column_structure=&#8221;1_2,1_2&#8243; _builder_version=&#8221;4.16&#8243; _module_preset=&#8221;default&#8221; width=&#8221;85%&#8221; max_width=&#8221;85%&#8221; custom_padding=&#8221;0px||||false|false&#8221; global_colors_info=&#8221;{}&#8221;][et_pb_column type=&#8221;1_2&#8243; _builder_version=&#8221;4.16&#8243; _module_preset=&#8221;default&#8221; global_colors_info=&#8221;{}&#8221;][et_pb_text _builder_version=&#8221;4.16&#8243; _module_preset=&#8221;default&#8221; text_font=&#8221;Lato||||||||&#8221; text_text_color=&#8221;#00334b&#8221; text_font_size=&#8221;16px&#8221; text_orientation=&#8221;justified&#8221; global_colors_info=&#8221;{}&#8221;]<\/p>\n<p><span>Una moderna ed articolata realt\u00e0 nel mondo farmaceutico, che ha saputo mantenere intatte le proprie tradizioni di azienda a carattere familiare.\u00a0<\/span><span>L\u2019attuale societ\u00e0 prende forma nel 1981 con la fusione tra i Laboratori Farmaceutici Valman, fondati a Sesto S. Giovanni da Valeria e Manlio Businelli nella met\u00e0 degli anni \u201950, e il Laboratorio Farmacologico Milanese, gi\u00e0 insediato a Caronno Pertusella nell\u2019attuale sede, mantenendo la denominazione di quest\u2019ultimo.<\/span><\/p>\n<p>[\/et_pb_text][et_pb_text _builder_version=&#8221;4.16&#8243; _module_preset=&#8221;default&#8221; text_font=&#8221;Lato||||||||&#8221; text_text_color=&#8221;#00334b&#8221; text_font_size=&#8221;16px&#8221; text_orientation=&#8221;justified&#8221; global_colors_info=&#8221;{}&#8221;]<\/p>\n<p><span>A oggi LFM dispone di una struttura di 7100 mq in cui lavorano pi\u00f9 di 85 dipendenti. <\/span><span>La propriet\u00e0 segue direttamente la gestione aziendale.<\/span><\/p>\n<p>[\/et_pb_text][et_pb_button button_url=&#8221;\/azienda\/&#8221; button_text=&#8221;CHI SIAMO&#8221; button_alignment=&#8221;left&#8221; _builder_version=&#8221;4.16&#8243; _module_preset=&#8221;default&#8221; custom_button=&#8221;on&#8221; button_text_size=&#8221;18px&#8221; button_text_color=&#8221;#FFFFFF&#8221; button_bg_color=&#8221;#005882&#8243; button_border_width=&#8221;0px&#8221; button_border_radius=&#8221;2px&#8221; button_letter_spacing=&#8221;1px&#8221; button_font=&#8221;Lato|700|||||||&#8221; button_use_icon=&#8221;off&#8221; custom_padding=&#8221;12px|65px|12px|65px|true|true&#8221; box_shadow_style=&#8221;preset3&#8243; box_shadow_spread=&#8221;-43px&#8221; global_colors_info=&#8221;{}&#8221;][\/et_pb_button][\/et_pb_column][et_pb_column type=&#8221;1_2&#8243; _builder_version=&#8221;4.16&#8243; _module_preset=&#8221;default&#8221; global_colors_info=&#8221;{}&#8221;][et_pb_image src=&#8221;https:\/\/lfm.it\/wp-content\/uploads\/2021\/07\/header3.png&#8221; title_text=&#8221;header3&#8243; _builder_version=&#8221;4.16&#8243; _module_preset=&#8221;default&#8221; global_colors_info=&#8221;{}&#8221;][\/et_pb_image][\/et_pb_column][\/et_pb_row][\/et_pb_section]<\/p>\n","protected":false},"excerpt":{"rendered":"<p>Una moderna ed articolata realt\u00e0 nel mondo farmaceutico.Una moderna ed articolata realt\u00e0 nel mondo farmaceutico.Laboratorio Farmacologico MilaneseUna moderna ed articolata realt\u00e0 nel mondo farmaceutico, che ha saputo mantenere intatte le proprie tradizioni di azienda a carattere familiare.\u00a0L\u2019attuale societ\u00e0 prende forma nel 1981 con la fusione tra i Laboratori Farmaceutici Valman, fondati a Sesto S. Giovanni [&hellip;]<\/p>\n","protected":false},"author":1,"featured_media":0,"parent":0,"menu_order":0,"comment_status":"closed","ping_status":"closed","template":"","meta":{"_acf_changed":false,"_et_pb_use_builder":"on","_et_pb_old_content":"","_et_gb_content_width":"","_monsterinsights_skip_tracking":false,"_monsterinsights_sitenote_active":false,"_monsterinsights_sitenote_note":"","_monsterinsights_sitenote_category":0,"footnotes":""},"class_list":["post-262","page","type-page","status-publish","hentry"],"acf":[],"_links":{"self":[{"href":"https:\/\/lfm.it\/eng\/wp-json\/wp\/v2\/pages\/262","targetHints":{"allow":["GET"]}}],"collection":[{"href":"https:\/\/lfm.it\/eng\/wp-json\/wp\/v2\/pages"}],"about":[{"href":"https:\/\/lfm.it\/eng\/wp-json\/wp\/v2\/types\/page"}],"author":[{"embeddable":true,"href":"https:\/\/lfm.it\/eng\/wp-json\/wp\/v2\/users\/1"}],"replies":[{"embeddable":true,"href":"https:\/\/lfm.it\/eng\/wp-json\/wp\/v2\/comments?post=262"}],"version-history":[{"count":46,"href":"https:\/\/lfm.it\/eng\/wp-json\/wp\/v2\/pages\/262\/revisions"}],"predecessor-version":[{"id":2081,"href":"https:\/\/lfm.it\/eng\/wp-json\/wp\/v2\/pages\/262\/revisions\/2081"}],"wp:attachment":[{"href":"https:\/\/lfm.it\/eng\/wp-json\/wp\/v2\/media?parent=262"}],"curies":[{"name":"wp","href":"https:\/\/api.w.org\/{rel}","templated":true}]}}